{"id":15003,"date":"2022-05-05T10:13:28","date_gmt":"2022-05-05T09:13:28","guid":{"rendered":"http:\/\/staging.nautilus.se\/?post_type=product&#038;p=15003"},"modified":"2023-04-05T10:25:43","modified_gmt":"2023-04-05T09:25:43","slug":"hyr-bavaria-40-cruiser","status":"publish","type":"product","link":"https:\/\/staging.nautilus.se\/eng\/hyra-bat\/hyr-bavaria-40-cruiser\/","title":{"rendered":"<p>Bavaria 40 Cruiser<\/p>"},"content":{"rendered":"<div class=\"container\">\n<div class=\"left\">\n<p>Welcome to rent Capella, a very spacious family cruiser with plenty of room to maneuver!<\/p>\n<p>The boat has large social areas and an extensive, fully equipped galley, which is adjacent to the sofa group that provides seating for approximately 8 people. There is also plenty of storage space in the salon, as well as in bathrooms and cabins. The 3 cabins with double berths provide room for 6 people to sleep. There are also 2 toilets with hot water. The many windows placed around the entire boat provide beautiful light and an outdoor feeling indoors!<\/p>\n<h3>Safe rentals<\/h3>\n<p>When you rent a boat from Nautilus Boat Club, fast support is always included.<br>\nShould any problem arise during your rental, we will come out and fix it on the spot.<\/p>\n<div class=\"left\">\n<p>&nbsp;<\/p>\n<\/div>\n<p>Down payment at 30% when booking. Residue 30 days before check-in.<br>\nBoating license and experience required<br>\nCheck-in from 10:00<br>\nCheck-out: at 15.00<br>\nAnimals and smoking not allowed<br>\nFree parking exists<br>\nBookable: 7-21 days<br>\nCancellation: 30 days in advance<br>\nAge limit: 25 years<br>\nDeposit\/deductible: 10.000kr<br>\nHarbor: Gustavsberg, V\u00e4rmd\u00f6<\/p>\n<p>&nbsp;<\/p>\n<\/div>\n<div class=\"right\">\n<h3>Equipment:<\/h3>\n<ul>\n<li>6 berths<\/li>\n<li>3 cabins<\/li>\n<li>F&ouml;rsegel p&aring; rulle<\/li>\n<li>Mainsail in furling mast<\/li>\n<li>Volvo Penta D1-30, 29 HP<\/li>\n<li>Windlass in the stern<\/li>\n<li>Bow thruster<\/li>\n<li>Teak in the cockpit<\/li>\n<li>Spray hood<\/li>\n<li>Cockpit cover<\/li>\n<li>Plotter<\/li>\n<li>Wind instrument<\/li>\n<li>Autopilot<\/li>\n<li>VHF<\/li>\n<li>Stereo med h&ouml;gtalare inne och ute<\/li>\n<li>Point with ladder<\/li>\n<li>Big cockpit table<\/li>\n<li>Landstr&ouml;m med laddning<\/li>\n<li>12V and 220V sockets<\/li>\n<li>Solar cells<\/li>\n<li>V&auml;rme i ruffen<\/li>\n<li>Gas cooker with oven<\/li>\n<li>Cooler box<\/li>\n<li>Toilet with septic tank<\/li>\n<li>B&aring;tsportkort &ouml;ver Stockholms sk&auml;rg&aring;rd<\/li>\n<li>Flytv&auml;star<\/li>\n<li>Fendrar, b&aring;tshake, tampar, ankare och bergskilar<\/li>\n<li>Kitchen equipment for 8 people<\/li>\n<li>Blankets and pillows for 6 people<\/li>\n<\/ul>\n<\/div>\n<\/div>","protected":false},"excerpt":{"rendered":"<p>Boating license and experience required<br>\nClick on the desired days for the current price.<\/p>","protected":false},"featured_media":15004,"template":"","meta":[],"product_cat":[19],"product_tag":[85],"class_list":{"0":"post-15003","1":"product","2":"type-product","3":"status-publish","4":"has-post-thumbnail","6":"product_cat-segelbatar","7":"product_tag-gustavsberg","9":"first","10":"instock","11":"virtual","12":"sold-individually","13":"purchasable","14":"product-type-booking"},"yoast_head":"<!-- This site is optimized with the Yoast SEO Premium plugin v21.9 (Yoast SEO v21.9) - https:\/\/yoast.com\/wordpress\/plugins\/seo\/ -->\n<title>Hyr segelb\u00e5t Bavaria 40 Cruiser | Nautilus Boat Club<\/title>\n<meta name=\"description\" content=\"Hyr Bavaria 40 Cruiser f\u00f6r en bekv\u00e4m och upplevelserik semestervecka! Nautilus Boat Club erbjuder ett m\u00e5ngsidigt och modern b\u00e5tliv.\" \/>\n<meta name=\"robots\" content=\"index, follow, max-snippet:-1, max-image-preview:large, max-video-preview:-1\" \/>\n<link rel=\"canonical\" href=\"https:\/\/staging.nautilus.se\/eng\/hyra-bat\/hyr-bavaria-40-cruiser\/\" \/>\n<meta property=\"og:locale\" content=\"en_US\" \/>\n<meta property=\"og:type\" content=\"article\" \/>\n<meta property=\"og:title\" content=\"Bavaria 40 Cruiser\" \/>\n<meta property=\"og:description\" content=\"Hyr Bavaria 40 Cruiser f\u00f6r en bekv\u00e4m och upplevelserik semestervecka! Nautilus Boat Club erbjuder ett m\u00e5ngsidigt och modern b\u00e5tliv.\" \/>\n<meta property=\"og:url\" content=\"https:\/\/staging.nautilus.se\/eng\/hyra-bat\/hyr-bavaria-40-cruiser\/\" \/>\n<meta property=\"og:site_name\" content=\"StageSite\" \/>\n<meta property=\"article:publisher\" content=\"https:\/\/www.facebook.com\/nautilusboatclub\/\" \/>\n<meta property=\"article:modified_time\" content=\"2023-04-05T09:25:43+00:00\" \/>\n<meta property=\"og:image\" content=\"http:\/\/staging.nautilus.se\/wp-content\/uploads\/2022\/05\/Bavaria-40-C.jpg\" \/>\n\t<meta property=\"og:image:width\" content=\"1646\" \/>\n\t<meta property=\"og:image:height\" content=\"848\" \/>\n\t<meta property=\"og:image:type\" content=\"image\/jpeg\" \/>\n<meta name=\"twitter:card\" content=\"summary_large_image\" \/>\n<meta name=\"twitter:label1\" content=\"Est. reading time\" \/>\n\t<meta name=\"twitter:data1\" content=\"2 minutes\" \/>\n<script type=\"application\/ld+json\" class=\"yoast-schema-graph\">{\"@context\":\"https:\/\/schema.org\",\"@graph\":[{\"@type\":\"WebPage\",\"@id\":\"http:\/\/staging.nautilus.se\/hyra-bat\/hyr-bavaria-40-cruiser\/\",\"url\":\"http:\/\/staging.nautilus.se\/hyra-bat\/hyr-bavaria-40-cruiser\/\",\"name\":\"Hyr segelb\u00e5t Bavaria 40 Cruiser | Nautilus Boat Club\",\"isPartOf\":{\"@id\":\"https:\/\/staging.nautilus.se\/#website\"},\"datePublished\":\"2022-05-05T09:13:28+00:00\",\"dateModified\":\"2023-04-05T09:25:43+00:00\",\"description\":\"Hyr Bavaria 40 Cruiser f\u00f6r en bekv\u00e4m och upplevelserik semestervecka! Nautilus Boat Club erbjuder ett m\u00e5ngsidigt och modern b\u00e5tliv.\",\"breadcrumb\":{\"@id\":\"http:\/\/staging.nautilus.se\/hyra-bat\/hyr-bavaria-40-cruiser\/#breadcrumb\"},\"inLanguage\":\"en-US\",\"potentialAction\":[{\"@type\":\"ReadAction\",\"target\":[\"http:\/\/staging.nautilus.se\/hyra-bat\/hyr-bavaria-40-cruiser\/\"]}]},{\"@type\":\"BreadcrumbList\",\"@id\":\"http:\/\/staging.nautilus.se\/hyra-bat\/hyr-bavaria-40-cruiser\/#breadcrumb\",\"itemListElement\":[{\"@type\":\"ListItem\",\"position\":1,\"name\":\"Home\",\"item\":\"https:\/\/staging.nautilus.se\/\"},{\"@type\":\"ListItem\",\"position\":2,\"name\":\"Privat: Hyr b\u00e5t enkelt och tryggt\",\"item\":\"https:\/\/staging.nautilus.se\/?page_id=11273\"},{\"@type\":\"ListItem\",\"position\":3,\"name\":\"Bavaria 40 Cruiser\"}]},{\"@type\":\"WebSite\",\"@id\":\"https:\/\/staging.nautilus.se\/#website\",\"url\":\"https:\/\/staging.nautilus.se\/\",\"name\":\"StageSite\",\"description\":\"Modernt och m\u00e5ngsidigt b\u00e5tliv\",\"publisher\":{\"@id\":\"https:\/\/staging.nautilus.se\/#organization\"},\"potentialAction\":[{\"@type\":\"SearchAction\",\"target\":{\"@type\":\"EntryPoint\",\"urlTemplate\":\"https:\/\/staging.nautilus.se\/?s={search_term_string}\"},\"query-input\":\"required name=search_term_string\"}],\"inLanguage\":\"en-US\"},{\"@type\":\"Organization\",\"@id\":\"https:\/\/staging.nautilus.se\/#organization\",\"name\":\"Nautilus Boat Club AB\",\"url\":\"https:\/\/staging.nautilus.se\/\",\"logo\":{\"@type\":\"ImageObject\",\"inLanguage\":\"en-US\",\"@id\":\"https:\/\/staging.nautilus.se\/#\/schema\/logo\/image\/\",\"url\":\"http:\/\/staging.nautilus.se\/wp-content\/uploads\/2022\/10\/Nautilus-shell-blue-back-w-logo.png\",\"contentUrl\":\"http:\/\/staging.nautilus.se\/wp-content\/uploads\/2022\/10\/Nautilus-shell-blue-back-w-logo.png\",\"width\":1755,\"height\":1130,\"caption\":\"Nautilus Boat Club AB\"},\"image\":{\"@id\":\"https:\/\/staging.nautilus.se\/#\/schema\/logo\/image\/\"},\"sameAs\":[\"https:\/\/www.facebook.com\/nautilusboatclub\/\",\"https:\/\/www.instagram.com\/nautilusboatclub\/\",\"https:\/\/www.linkedin.com\/company\/4998214\/admin\/\",\"https:\/\/www.youtube.com\/channel\/UCrhrs3yv-t72B5igMm2keKQ\/videos?app=desktop\"]}]}<\/script>\n<!-- \/ Yoast SEO Premium plugin. -->","yoast_head_json":{"title":"Hyr segelb\u00e5t Bavaria 40 Cruiser | Nautilus Boat Club","description":"Hyr Bavaria 40 Cruiser f\u00f6r en bekv\u00e4m och upplevelserik semestervecka! Nautilus Boat Club erbjuder ett m\u00e5ngsidigt och modern b\u00e5tliv.","robots":{"index":"index","follow":"follow","max-snippet":"max-snippet:-1","max-image-preview":"max-image-preview:large","max-video-preview":"max-video-preview:-1"},"canonical":"https:\/\/staging.nautilus.se\/eng\/hyra-bat\/hyr-bavaria-40-cruiser\/","og_locale":"en_US","og_type":"article","og_title":"Bavaria 40 Cruiser","og_description":"Hyr Bavaria 40 Cruiser f\u00f6r en bekv\u00e4m och upplevelserik semestervecka! Nautilus Boat Club erbjuder ett m\u00e5ngsidigt och modern b\u00e5tliv.","og_url":"https:\/\/staging.nautilus.se\/eng\/hyra-bat\/hyr-bavaria-40-cruiser\/","og_site_name":"StageSite","article_publisher":"https:\/\/www.facebook.com\/nautilusboatclub\/","article_modified_time":"2023-04-05T09:25:43+00:00","og_image":[{"width":1646,"height":848,"url":"http:\/\/staging.nautilus.se\/wp-content\/uploads\/2022\/05\/Bavaria-40-C.jpg","type":"image\/jpeg"}],"twitter_card":"summary_large_image","twitter_misc":{"Est. reading time":"2 minutes"},"schema":{"@context":"https:\/\/schema.org","@graph":[{"@type":"WebPage","@id":"http:\/\/staging.nautilus.se\/hyra-bat\/hyr-bavaria-40-cruiser\/","url":"http:\/\/staging.nautilus.se\/hyra-bat\/hyr-bavaria-40-cruiser\/","name":"Hyr segelb\u00e5t Bavaria 40 Cruiser | Nautilus Boat Club","isPartOf":{"@id":"https:\/\/staging.nautilus.se\/#website"},"datePublished":"2022-05-05T09:13:28+00:00","dateModified":"2023-04-05T09:25:43+00:00","description":"Hyr Bavaria 40 Cruiser f\u00f6r en bekv\u00e4m och upplevelserik semestervecka! Nautilus Boat Club erbjuder ett m\u00e5ngsidigt och modern b\u00e5tliv.","breadcrumb":{"@id":"http:\/\/staging.nautilus.se\/hyra-bat\/hyr-bavaria-40-cruiser\/#breadcrumb"},"inLanguage":"en-US","potentialAction":[{"@type":"ReadAction","target":["http:\/\/staging.nautilus.se\/hyra-bat\/hyr-bavaria-40-cruiser\/"]}]},{"@type":"BreadcrumbList","@id":"http:\/\/staging.nautilus.se\/hyra-bat\/hyr-bavaria-40-cruiser\/#breadcrumb","itemListElement":[{"@type":"ListItem","position":1,"name":"Home","item":"https:\/\/staging.nautilus.se\/"},{"@type":"ListItem","position":2,"name":"Privat: Hyr b\u00e5t enkelt och tryggt","item":"https:\/\/staging.nautilus.se\/?page_id=11273"},{"@type":"ListItem","position":3,"name":"Bavaria 40 Cruiser"}]},{"@type":"WebSite","@id":"https:\/\/staging.nautilus.se\/#website","url":"https:\/\/staging.nautilus.se\/","name":"StageSite","description":"Modernt och m\u00e5ngsidigt b\u00e5tliv","publisher":{"@id":"https:\/\/staging.nautilus.se\/#organization"},"potentialAction":[{"@type":"SearchAction","target":{"@type":"EntryPoint","urlTemplate":"https:\/\/staging.nautilus.se\/?s={search_term_string}"},"query-input":"required name=search_term_string"}],"inLanguage":"en-US"},{"@type":"Organization","@id":"https:\/\/staging.nautilus.se\/#organization","name":"Nautilus Boat Club AB","url":"https:\/\/staging.nautilus.se\/","logo":{"@type":"ImageObject","inLanguage":"en-US","@id":"https:\/\/staging.nautilus.se\/#\/schema\/logo\/image\/","url":"http:\/\/staging.nautilus.se\/wp-content\/uploads\/2022\/10\/Nautilus-shell-blue-back-w-logo.png","contentUrl":"http:\/\/staging.nautilus.se\/wp-content\/uploads\/2022\/10\/Nautilus-shell-blue-back-w-logo.png","width":1755,"height":1130,"caption":"Nautilus Boat Club AB"},"image":{"@id":"https:\/\/staging.nautilus.se\/#\/schema\/logo\/image\/"},"sameAs":["https:\/\/www.facebook.com\/nautilusboatclub\/","https:\/\/www.instagram.com\/nautilusboatclub\/","https:\/\/www.linkedin.com\/company\/4998214\/admin\/","https:\/\/www.youtube.com\/channel\/UCrhrs3yv-t72B5igMm2keKQ\/videos?app=desktop"]}]}},"_links":{"self":[{"href":"https:\/\/staging.nautilus.se\/eng\/wp-json\/wp\/v2\/product\/15003","targetHints":{"allow":["GET"]}}],"collection":[{"href":"https:\/\/staging.nautilus.se\/eng\/wp-json\/wp\/v2\/product"}],"about":[{"href":"https:\/\/staging.nautilus.se\/eng\/wp-json\/wp\/v2\/types\/product"}],"wp:featuredmedia":[{"embeddable":true,"href":"https:\/\/staging.nautilus.se\/eng\/wp-json\/wp\/v2\/media\/15004"}],"wp:attachment":[{"href":"https:\/\/staging.nautilus.se\/eng\/wp-json\/wp\/v2\/media?parent=15003"}],"wp:term":[{"taxonomy":"product_cat","embeddable":true,"href":"https:\/\/staging.nautilus.se\/eng\/wp-json\/wp\/v2\/product_cat?post=15003"},{"taxonomy":"product_tag","embeddable":true,"href":"https:\/\/staging.nautilus.se\/eng\/wp-json\/wp\/v2\/product_tag?post=15003"}],"curies":[{"name":"wp","href":"https:\/\/api.w.org\/{rel}","templated":true}]}}