{"id":1577,"date":"2020-12-03T22:33:33","date_gmt":"2020-12-03T21:33:33","guid":{"rendered":"http:\/\/staging.nautilus.se\/?post_type=product&#038;p=1577"},"modified":"2024-01-16T10:41:11","modified_gmt":"2024-01-16T09:41:11","slug":"bavaria-32-cruiser-kiwi","status":"publish","type":"product","link":"https:\/\/staging.nautilus.se\/eng\/hyra-bat\/bavaria-32-cruiser-kiwi\/","title":{"rendered":"<p>Bavaria 32 &rdquo;Kiwi&rdquo;<\/p>"},"content":{"rendered":"<div class=\"container\">\n<div class=\"left\">\n<p>Bavaria 32 Cruiser, ?Kiwi? &auml;r en av modellerna i Bavarias moderna modellprogram. Med utrustning som bland annat rullfock och rullstor, samt andra bekv&auml;mligheter som bland annat varmvatten, TV och k&ouml;ksutrustning &auml;r denna b&aring;t mycket behaglig att segla och bo p&aring;. H&auml;r finns rymliga boutrymmen och gott om f&ouml;rvaring. 4 kojplatser f&ouml;rdelat i 2 kabiner. I badrummet finns varmvatten, dusch och WC.<\/p>\n<h3>Safe rentals<\/h3>\n<p>When you rent a boat from Nautilus Boat Club, fast support is always included.<br>\nShould any problem arise during your rental, we will come out and fix it on the spot.<\/p>\n<div class=\"left\">\n<p>&nbsp;<\/p>\n<\/div>\n<p>Down payment at 30% when booking. Residue 30 days before check-in.<br>\nBoating license and experience required<br>\nCheck-in from 10:00<br>\nCheck-out: at 15.00<br>\nAnimals and smoking not allowed<br>\nFree parking exists<br>\nBookable: 7-21 days<br>\nCancellation: 30 days in advance<br>\nAge limit: 25 years<br>\nDeposit\/deductible: 10.000kr<br>\nHarbor: Gustavsberg, V\u00e4rmd\u00f6<\/p>\n<\/div>\n<div class=\"left\">\n<p>&nbsp;<\/p>\n<\/div>\n<div class=\"right\">\n<h3>Equipment:<\/h3>\n<ul>\n<li>Furling jib<\/li>\n<li>Furling main<\/li>\n<li>Spray hood<\/li>\n<li>Sittbrunnst&auml;lt<\/li>\n<li>Hot water<\/li>\n<li>Garmin plotter<\/li>\n<li>Log and sonar<\/li>\n<li>Solar cell<\/li>\n<li>Landstr&ouml;m med laddning<\/li>\n<li>12V and 220V sockets<\/li>\n<li>Bruce anchor in the stern<\/li>\n<li>Webasto-v&auml;rmare i ruffen<\/li>\n<li>TV<\/li>\n<li>Gas cooker with oven<\/li>\n<li>Cooler box<\/li>\n<li>Toilet with septic tank<\/li>\n<li>Shower in the cockpit<\/li>\n<li>4 fasta kojplatser<\/li>\n<li>B&aring;tsportkort<\/li>\n<li>Flytv&auml;star<\/li>\n<li>Fendrar, b&aring;tshake, tampar, ankare och bergskilar<\/li>\n<li>All k&ouml;ksutrustning<\/li>\n<li>T&auml;cken och kuddar f&ouml;r 4 personer<\/li>\n<\/ul>\n<\/div>\n<\/div>","protected":false},"excerpt":{"rendered":"<p>Boating license and experience required<br>\nClick on the desired days for the current price.<\/p>","protected":false},"featured_media":1575,"template":"","meta":[],"product_cat":[19],"product_tag":[85],"class_list":{"0":"post-1577","1":"product","2":"type-product","3":"status-publish","4":"has-post-thumbnail","6":"product_cat-segelbatar","7":"product_tag-gustavsberg","9":"first","10":"instock","11":"virtual","12":"sold-individually","13":"purchasable","14":"product-type-booking"},"yoast_head":"<!-- This site is optimized with the Yoast SEO Premium plugin v21.9 (Yoast SEO v21.9) - https:\/\/yoast.com\/wordpress\/plugins\/seo\/ -->\n<title>Hyr segelb\u00e5t Bavaria 32 Cruiser &quot;Kiwi&quot; | Nautilus Boat Club<\/title>\n<meta name=\"description\" content=\"Bavaria 32 Cruiser, en bekv\u00e4m och upplevelserik semestervecka. Nautilus Boat Club erbjuder ett m\u00e5ngsidigt och modern b\u00e5tliv.\" \/>\n<meta name=\"robots\" content=\"index, follow, max-snippet:-1, max-image-preview:large, max-video-preview:-1\" \/>\n<link rel=\"canonical\" href=\"https:\/\/staging.nautilus.se\/eng\/hyra-bat\/bavaria-32-cruiser-kiwi\/\" \/>\n<meta property=\"og:locale\" content=\"en_US\" \/>\n<meta property=\"og:type\" content=\"article\" \/>\n<meta property=\"og:title\" content=\"Bavaria 32 &quot;Kiwi&quot;\" \/>\n<meta property=\"og:description\" content=\"Bavaria 32 Cruiser, en bekv\u00e4m och upplevelserik semestervecka. Nautilus Boat Club erbjuder ett m\u00e5ngsidigt och modern b\u00e5tliv.\" \/>\n<meta property=\"og:url\" content=\"https:\/\/staging.nautilus.se\/eng\/hyra-bat\/bavaria-32-cruiser-kiwi\/\" \/>\n<meta property=\"og:site_name\" content=\"StageSite\" \/>\n<meta property=\"article:publisher\" content=\"https:\/\/www.facebook.com\/nautilusboatclub\/\" \/>\n<meta property=\"article:modified_time\" content=\"2024-01-16T09:41:11+00:00\" \/>\n<meta property=\"og:image\" content=\"http:\/\/staging.nautilus.se\/wp-content\/uploads\/2020\/12\/Bavaria-32.jpg\" \/>\n\t<meta property=\"og:image:width\" content=\"2016\" \/>\n\t<meta property=\"og:image:height\" content=\"1512\" \/>\n\t<meta property=\"og:image:type\" content=\"image\/jpeg\" \/>\n<meta name=\"twitter:card\" content=\"summary_large_image\" \/>\n<meta name=\"twitter:label1\" content=\"Est. reading time\" \/>\n\t<meta name=\"twitter:data1\" content=\"2 minutes\" \/>\n<script type=\"application\/ld+json\" class=\"yoast-schema-graph\">{\"@context\":\"https:\/\/schema.org\",\"@graph\":[{\"@type\":\"WebPage\",\"@id\":\"http:\/\/staging.nautilus.se\/hyra-bat\/bavaria-32-cruiser-kiwi\/\",\"url\":\"http:\/\/staging.nautilus.se\/hyra-bat\/bavaria-32-cruiser-kiwi\/\",\"name\":\"Hyr segelb\u00e5t Bavaria 32 Cruiser \\\"Kiwi\\\" | Nautilus Boat Club\",\"isPartOf\":{\"@id\":\"https:\/\/staging.nautilus.se\/#website\"},\"datePublished\":\"2020-12-03T21:33:33+00:00\",\"dateModified\":\"2024-01-16T09:41:11+00:00\",\"description\":\"Bavaria 32 Cruiser, en bekv\u00e4m och upplevelserik semestervecka. Nautilus Boat Club erbjuder ett m\u00e5ngsidigt och modern b\u00e5tliv.\",\"breadcrumb\":{\"@id\":\"http:\/\/staging.nautilus.se\/hyra-bat\/bavaria-32-cruiser-kiwi\/#breadcrumb\"},\"inLanguage\":\"en-US\",\"potentialAction\":[{\"@type\":\"ReadAction\",\"target\":[\"http:\/\/staging.nautilus.se\/hyra-bat\/bavaria-32-cruiser-kiwi\/\"]}]},{\"@type\":\"BreadcrumbList\",\"@id\":\"http:\/\/staging.nautilus.se\/hyra-bat\/bavaria-32-cruiser-kiwi\/#breadcrumb\",\"itemListElement\":[{\"@type\":\"ListItem\",\"position\":1,\"name\":\"Home\",\"item\":\"https:\/\/staging.nautilus.se\/\"},{\"@type\":\"ListItem\",\"position\":2,\"name\":\"Privat: Hyr b\u00e5t enkelt och tryggt\",\"item\":\"https:\/\/staging.nautilus.se\/?page_id=11273\"},{\"@type\":\"ListItem\",\"position\":3,\"name\":\"Bavaria 32 &#8221;Kiwi&#8221;\"}]},{\"@type\":\"WebSite\",\"@id\":\"https:\/\/staging.nautilus.se\/#website\",\"url\":\"https:\/\/staging.nautilus.se\/\",\"name\":\"StageSite\",\"description\":\"Modernt och m\u00e5ngsidigt b\u00e5tliv\",\"publisher\":{\"@id\":\"https:\/\/staging.nautilus.se\/#organization\"},\"potentialAction\":[{\"@type\":\"SearchAction\",\"target\":{\"@type\":\"EntryPoint\",\"urlTemplate\":\"https:\/\/staging.nautilus.se\/?s={search_term_string}\"},\"query-input\":\"required name=search_term_string\"}],\"inLanguage\":\"en-US\"},{\"@type\":\"Organization\",\"@id\":\"https:\/\/staging.nautilus.se\/#organization\",\"name\":\"Nautilus Boat Club AB\",\"url\":\"https:\/\/staging.nautilus.se\/\",\"logo\":{\"@type\":\"ImageObject\",\"inLanguage\":\"en-US\",\"@id\":\"https:\/\/staging.nautilus.se\/#\/schema\/logo\/image\/\",\"url\":\"http:\/\/staging.nautilus.se\/wp-content\/uploads\/2022\/10\/Nautilus-shell-blue-back-w-logo.png\",\"contentUrl\":\"http:\/\/staging.nautilus.se\/wp-content\/uploads\/2022\/10\/Nautilus-shell-blue-back-w-logo.png\",\"width\":1755,\"height\":1130,\"caption\":\"Nautilus Boat Club AB\"},\"image\":{\"@id\":\"https:\/\/staging.nautilus.se\/#\/schema\/logo\/image\/\"},\"sameAs\":[\"https:\/\/www.facebook.com\/nautilusboatclub\/\",\"https:\/\/www.instagram.com\/nautilusboatclub\/\",\"https:\/\/www.linkedin.com\/company\/4998214\/admin\/\",\"https:\/\/www.youtube.com\/channel\/UCrhrs3yv-t72B5igMm2keKQ\/videos?app=desktop\"]}]}<\/script>\n<!-- \/ Yoast SEO Premium plugin. -->","yoast_head_json":{"title":"Hyr segelb\u00e5t Bavaria 32 Cruiser \"Kiwi\" | Nautilus Boat Club","description":"Bavaria 32 Cruiser, en bekv\u00e4m och upplevelserik semestervecka. Nautilus Boat Club erbjuder ett m\u00e5ngsidigt och modern b\u00e5tliv.","robots":{"index":"index","follow":"follow","max-snippet":"max-snippet:-1","max-image-preview":"max-image-preview:large","max-video-preview":"max-video-preview:-1"},"canonical":"https:\/\/staging.nautilus.se\/eng\/hyra-bat\/bavaria-32-cruiser-kiwi\/","og_locale":"en_US","og_type":"article","og_title":"Bavaria 32 \"Kiwi\"","og_description":"Bavaria 32 Cruiser, en bekv\u00e4m och upplevelserik semestervecka. Nautilus Boat Club erbjuder ett m\u00e5ngsidigt och modern b\u00e5tliv.","og_url":"https:\/\/staging.nautilus.se\/eng\/hyra-bat\/bavaria-32-cruiser-kiwi\/","og_site_name":"StageSite","article_publisher":"https:\/\/www.facebook.com\/nautilusboatclub\/","article_modified_time":"2024-01-16T09:41:11+00:00","og_image":[{"width":2016,"height":1512,"url":"http:\/\/staging.nautilus.se\/wp-content\/uploads\/2020\/12\/Bavaria-32.jpg","type":"image\/jpeg"}],"twitter_card":"summary_large_image","twitter_misc":{"Est. reading time":"2 minutes"},"schema":{"@context":"https:\/\/schema.org","@graph":[{"@type":"WebPage","@id":"http:\/\/staging.nautilus.se\/hyra-bat\/bavaria-32-cruiser-kiwi\/","url":"http:\/\/staging.nautilus.se\/hyra-bat\/bavaria-32-cruiser-kiwi\/","name":"Hyr segelb\u00e5t Bavaria 32 Cruiser \"Kiwi\" | Nautilus Boat Club","isPartOf":{"@id":"https:\/\/staging.nautilus.se\/#website"},"datePublished":"2020-12-03T21:33:33+00:00","dateModified":"2024-01-16T09:41:11+00:00","description":"Bavaria 32 Cruiser, en bekv\u00e4m och upplevelserik semestervecka. Nautilus Boat Club erbjuder ett m\u00e5ngsidigt och modern b\u00e5tliv.","breadcrumb":{"@id":"http:\/\/staging.nautilus.se\/hyra-bat\/bavaria-32-cruiser-kiwi\/#breadcrumb"},"inLanguage":"en-US","potentialAction":[{"@type":"ReadAction","target":["http:\/\/staging.nautilus.se\/hyra-bat\/bavaria-32-cruiser-kiwi\/"]}]},{"@type":"BreadcrumbList","@id":"http:\/\/staging.nautilus.se\/hyra-bat\/bavaria-32-cruiser-kiwi\/#breadcrumb","itemListElement":[{"@type":"ListItem","position":1,"name":"Home","item":"https:\/\/staging.nautilus.se\/"},{"@type":"ListItem","position":2,"name":"Privat: Hyr b\u00e5t enkelt och tryggt","item":"https:\/\/staging.nautilus.se\/?page_id=11273"},{"@type":"ListItem","position":3,"name":"Bavaria 32 &#8221;Kiwi&#8221;"}]},{"@type":"WebSite","@id":"https:\/\/staging.nautilus.se\/#website","url":"https:\/\/staging.nautilus.se\/","name":"StageSite","description":"Modernt och m\u00e5ngsidigt b\u00e5tliv","publisher":{"@id":"https:\/\/staging.nautilus.se\/#organization"},"potentialAction":[{"@type":"SearchAction","target":{"@type":"EntryPoint","urlTemplate":"https:\/\/staging.nautilus.se\/?s={search_term_string}"},"query-input":"required name=search_term_string"}],"inLanguage":"en-US"},{"@type":"Organization","@id":"https:\/\/staging.nautilus.se\/#organization","name":"Nautilus Boat Club AB","url":"https:\/\/staging.nautilus.se\/","logo":{"@type":"ImageObject","inLanguage":"en-US","@id":"https:\/\/staging.nautilus.se\/#\/schema\/logo\/image\/","url":"http:\/\/staging.nautilus.se\/wp-content\/uploads\/2022\/10\/Nautilus-shell-blue-back-w-logo.png","contentUrl":"http:\/\/staging.nautilus.se\/wp-content\/uploads\/2022\/10\/Nautilus-shell-blue-back-w-logo.png","width":1755,"height":1130,"caption":"Nautilus Boat Club AB"},"image":{"@id":"https:\/\/staging.nautilus.se\/#\/schema\/logo\/image\/"},"sameAs":["https:\/\/www.facebook.com\/nautilusboatclub\/","https:\/\/www.instagram.com\/nautilusboatclub\/","https:\/\/www.linkedin.com\/company\/4998214\/admin\/","https:\/\/www.youtube.com\/channel\/UCrhrs3yv-t72B5igMm2keKQ\/videos?app=desktop"]}]}},"_links":{"self":[{"href":"https:\/\/staging.nautilus.se\/eng\/wp-json\/wp\/v2\/product\/1577","targetHints":{"allow":["GET"]}}],"collection":[{"href":"https:\/\/staging.nautilus.se\/eng\/wp-json\/wp\/v2\/product"}],"about":[{"href":"https:\/\/staging.nautilus.se\/eng\/wp-json\/wp\/v2\/types\/product"}],"wp:featuredmedia":[{"embeddable":true,"href":"https:\/\/staging.nautilus.se\/eng\/wp-json\/wp\/v2\/media\/1575"}],"wp:attachment":[{"href":"https:\/\/staging.nautilus.se\/eng\/wp-json\/wp\/v2\/media?parent=1577"}],"wp:term":[{"taxonomy":"product_cat","embeddable":true,"href":"https:\/\/staging.nautilus.se\/eng\/wp-json\/wp\/v2\/product_cat?post=1577"},{"taxonomy":"product_tag","embeddable":true,"href":"https:\/\/staging.nautilus.se\/eng\/wp-json\/wp\/v2\/product_tag?post=1577"}],"curies":[{"name":"wp","href":"https:\/\/api.w.org\/{rel}","templated":true}]}}