{"id":1602,"date":"2020-12-03T23:30:14","date_gmt":"2020-12-03T22:30:14","guid":{"rendered":"http:\/\/staging.nautilus.se\/?post_type=product&#038;p=1602"},"modified":"2024-01-09T15:49:16","modified_gmt":"2024-01-09T14:49:16","slug":"bavaria-32-cruiser-agua-viva","status":"publish","type":"product","link":"https:\/\/staging.nautilus.se\/eng\/hyra-bat\/bavaria-32-cruiser-agua-viva\/","title":{"rendered":"<p>Bavaria 32 &rdquo;Agua Viva&rdquo;<\/p>"},"content":{"rendered":"<div class=\"container\">\n<div class=\"left\">\n<p>This fantastically spacious and family-friendly sailboat has everything needed for a successful vacation!<\/p>\n<p>H&auml;r finns 4 fasta kojer f&ouml;rdelat p&aring; tv&aring; rymliga kabiner med ytterligare plats f&ouml;r tv&aring; personer att sova i salongen. I salongen finns &auml;ven gott om praktiska f&ouml;rvaringsutrymmen samt en 24-tums TV. Elektrisk toalett och dusch med varmvatten. Pentryt &auml;r f&ouml;rsett med fullst&auml;ndig k&ouml;ksutrustning. Njut ocks&aring; av ytterligare bekv&auml;mligheter som bland annat sittbrunnskapell, ankarspel i f&ouml;ren och rullsegel.<\/p>\n<p>Welcome to rent Agua Viva!<\/p>\n<p>&nbsp;<\/p>\n<p><strong>Safe rentals!<\/strong><br>\nWhen you rent a boat with us fast assistance through phone and e-mail is always included. If issues occur during your rental we are always quick to arrive and correct this on the spot.<\/p>\n<p>&nbsp;<\/p>\n<\/div>\n<p>Down payment at 30% when booking. Residue 30 days before check-in.<br>\nBoating license and experience required<br>\nCheck-in from 10:00<br>\nCheck-out: at 15.00<br>\nAnimals and smoking not allowed<br>\nFree parking exists<br>\nBookable: 5-21 days<br>\nCancellation: 30 days in advance<br>\nAge limit: 20 years<br>\nDeposit\/deductible: 12.000kr<br>\nHamn: Bulland&ouml; marina<\/p>\n<div class=\"left\">\n<p>&nbsp;<\/p>\n<\/div>\n<div class=\"right\">\n<h3>Equipment:<\/h3>\n<ul>\n<li>Furling jib<\/li>\n<li>Rullstor med st&aring;ende lattor<\/li>\n<li>Spray hood<\/li>\n<li>Sittbrunnst&auml;lt<\/li>\n<li>Water heater 22 liters<\/li>\n<li>B&amp;G Vulcan 7 GPS-plotter<\/li>\n<li>Raymarine Logg och lod<\/li>\n<li>2x100W solceller<\/li>\n<li>Landstr&ouml;m med batteriladdning<\/li>\n<li>12V, USB and 220 V socket<\/li>\n<li>windlass in bow with chain<\/li>\n<li>Bruce-anchor with 50m anchor line in the stern<\/li>\n<li>Webasto-v&auml;rmare med utbl&aring;s i alla kabiner<\/li>\n<li>24&Prime; smart-TV<\/li>\n<li>Gas cooker with oven<\/li>\n<li>Cooler box<\/li>\n<li>Electric toilet with septic tank<\/li>\n<li>Dusch p&aring; toaletten (med varmvatten)<\/li>\n<li>Shower in the cockpit (with hot water)<\/li>\n<li>4 fixed berths + 2 in the salon<\/li>\n<li>B&aring;tsportkort f&ouml;r Stockholm<\/li>\n<li>Flytv&auml;star<\/li>\n<li>Fendrar, b&aring;tshake, tampar, ankare och bergskilar<\/li>\n<li>All k&ouml;ksutrustning<\/li>\n<li>T&auml;cken och kuddar f&ouml;r 4 personer<\/li>\n<\/ul>\n<p>&nbsp;<\/p>\n<\/div>\n<\/div>","protected":false},"excerpt":{"rendered":"<p>Boating license and experience required<br>\nClick on the desired days for the current price.<\/p>","protected":false},"featured_media":19655,"template":"","meta":[],"product_cat":[19],"product_tag":[90],"class_list":{"0":"post-1602","1":"product","2":"type-product","3":"status-publish","4":"has-post-thumbnail","6":"product_cat-segelbatar","7":"product_tag-bullando","9":"first","10":"instock","11":"virtual","12":"sold-individually","13":"taxable","14":"purchasable","15":"product-type-booking"},"yoast_head":"<!-- This site is optimized with the Yoast SEO Premium plugin v21.9 (Yoast SEO v21.9) - https:\/\/yoast.com\/wordpress\/plugins\/seo\/ -->\n<title>Hyr Bavaria 32 Cruiser &quot;Aqua Viva&quot;- Nautilus Boat Club<\/title>\n<meta name=\"description\" content=\"Hyr Bavaria 32 Cruiser f\u00f6r en bekv\u00e4m och uppleveserik semestervecka! Nautilus Boat Club erbjuder ett m\u00e5ngsidigt och modern b\u00e5tliv.\" \/>\n<meta name=\"robots\" content=\"index, follow, max-snippet:-1, max-image-preview:large, max-video-preview:-1\" \/>\n<link rel=\"canonical\" href=\"https:\/\/staging.nautilus.se\/eng\/hyra-bat\/bavaria-32-cruiser-agua-viva\/\" \/>\n<meta property=\"og:locale\" content=\"en_US\" \/>\n<meta property=\"og:type\" content=\"article\" \/>\n<meta property=\"og:title\" content=\"Bavaria 32 &quot;Agua Viva&quot;\" \/>\n<meta property=\"og:description\" content=\"Hyr Bavaria 32 Cruiser f\u00f6r en bekv\u00e4m och uppleveserik semestervecka! Nautilus Boat Club erbjuder ett m\u00e5ngsidigt och modern b\u00e5tliv.\" \/>\n<meta property=\"og:url\" content=\"https:\/\/staging.nautilus.se\/eng\/hyra-bat\/bavaria-32-cruiser-agua-viva\/\" \/>\n<meta property=\"og:site_name\" content=\"StageSite\" \/>\n<meta property=\"article:publisher\" content=\"https:\/\/www.facebook.com\/nautilusboatclub\/\" \/>\n<meta property=\"article:modified_time\" content=\"2024-01-09T14:49:16+00:00\" \/>\n<meta property=\"og:image\" content=\"http:\/\/staging.nautilus.se\/wp-content\/uploads\/2020\/12\/Bavaria-32-Cruiser-Aqua-Viva.jpg\" \/>\n\t<meta property=\"og:image:width\" content=\"2016\" \/>\n\t<meta property=\"og:image:height\" content=\"1134\" \/>\n\t<meta property=\"og:image:type\" content=\"image\/jpeg\" \/>\n<meta name=\"twitter:card\" content=\"summary_large_image\" \/>\n<meta name=\"twitter:label1\" content=\"Est. reading time\" \/>\n\t<meta name=\"twitter:data1\" content=\"2 minutes\" \/>\n<script type=\"application\/ld+json\" class=\"yoast-schema-graph\">{\"@context\":\"https:\/\/schema.org\",\"@graph\":[{\"@type\":\"WebPage\",\"@id\":\"http:\/\/staging.nautilus.se\/hyra-bat\/bavaria-32-cruiser-agua-viva\/\",\"url\":\"http:\/\/staging.nautilus.se\/hyra-bat\/bavaria-32-cruiser-agua-viva\/\",\"name\":\"Hyr Bavaria 32 Cruiser \\\"Aqua Viva\\\"- Nautilus Boat Club\",\"isPartOf\":{\"@id\":\"https:\/\/staging.nautilus.se\/#website\"},\"datePublished\":\"2020-12-03T22:30:14+00:00\",\"dateModified\":\"2024-01-09T14:49:16+00:00\",\"description\":\"Hyr Bavaria 32 Cruiser f\u00f6r en bekv\u00e4m och uppleveserik semestervecka! Nautilus Boat Club erbjuder ett m\u00e5ngsidigt och modern b\u00e5tliv.\",\"breadcrumb\":{\"@id\":\"http:\/\/staging.nautilus.se\/hyra-bat\/bavaria-32-cruiser-agua-viva\/#breadcrumb\"},\"inLanguage\":\"en-US\",\"potentialAction\":[{\"@type\":\"ReadAction\",\"target\":[\"http:\/\/staging.nautilus.se\/hyra-bat\/bavaria-32-cruiser-agua-viva\/\"]}]},{\"@type\":\"BreadcrumbList\",\"@id\":\"http:\/\/staging.nautilus.se\/hyra-bat\/bavaria-32-cruiser-agua-viva\/#breadcrumb\",\"itemListElement\":[{\"@type\":\"ListItem\",\"position\":1,\"name\":\"Home\",\"item\":\"https:\/\/staging.nautilus.se\/\"},{\"@type\":\"ListItem\",\"position\":2,\"name\":\"Privat: Hyr b\u00e5t enkelt och tryggt\",\"item\":\"https:\/\/staging.nautilus.se\/?page_id=11273\"},{\"@type\":\"ListItem\",\"position\":3,\"name\":\"Bavaria 32 &#8221;Agua Viva&#8221;\"}]},{\"@type\":\"WebSite\",\"@id\":\"https:\/\/staging.nautilus.se\/#website\",\"url\":\"https:\/\/staging.nautilus.se\/\",\"name\":\"StageSite\",\"description\":\"Modernt och m\u00e5ngsidigt b\u00e5tliv\",\"publisher\":{\"@id\":\"https:\/\/staging.nautilus.se\/#organization\"},\"potentialAction\":[{\"@type\":\"SearchAction\",\"target\":{\"@type\":\"EntryPoint\",\"urlTemplate\":\"https:\/\/staging.nautilus.se\/?s={search_term_string}\"},\"query-input\":\"required name=search_term_string\"}],\"inLanguage\":\"en-US\"},{\"@type\":\"Organization\",\"@id\":\"https:\/\/staging.nautilus.se\/#organization\",\"name\":\"Nautilus Boat Club AB\",\"url\":\"https:\/\/staging.nautilus.se\/\",\"logo\":{\"@type\":\"ImageObject\",\"inLanguage\":\"en-US\",\"@id\":\"https:\/\/staging.nautilus.se\/#\/schema\/logo\/image\/\",\"url\":\"http:\/\/staging.nautilus.se\/wp-content\/uploads\/2022\/10\/Nautilus-shell-blue-back-w-logo.png\",\"contentUrl\":\"http:\/\/staging.nautilus.se\/wp-content\/uploads\/2022\/10\/Nautilus-shell-blue-back-w-logo.png\",\"width\":1755,\"height\":1130,\"caption\":\"Nautilus Boat Club AB\"},\"image\":{\"@id\":\"https:\/\/staging.nautilus.se\/#\/schema\/logo\/image\/\"},\"sameAs\":[\"https:\/\/www.facebook.com\/nautilusboatclub\/\",\"https:\/\/www.instagram.com\/nautilusboatclub\/\",\"https:\/\/www.linkedin.com\/company\/4998214\/admin\/\",\"https:\/\/www.youtube.com\/channel\/UCrhrs3yv-t72B5igMm2keKQ\/videos?app=desktop\"]}]}<\/script>\n<!-- \/ Yoast SEO Premium plugin. -->","yoast_head_json":{"title":"Hyr Bavaria 32 Cruiser \"Aqua Viva\"- Nautilus Boat Club","description":"Hyr Bavaria 32 Cruiser f\u00f6r en bekv\u00e4m och uppleveserik semestervecka! Nautilus Boat Club erbjuder ett m\u00e5ngsidigt och modern b\u00e5tliv.","robots":{"index":"index","follow":"follow","max-snippet":"max-snippet:-1","max-image-preview":"max-image-preview:large","max-video-preview":"max-video-preview:-1"},"canonical":"https:\/\/staging.nautilus.se\/eng\/hyra-bat\/bavaria-32-cruiser-agua-viva\/","og_locale":"en_US","og_type":"article","og_title":"Bavaria 32 \"Agua Viva\"","og_description":"Hyr Bavaria 32 Cruiser f\u00f6r en bekv\u00e4m och uppleveserik semestervecka! Nautilus Boat Club erbjuder ett m\u00e5ngsidigt och modern b\u00e5tliv.","og_url":"https:\/\/staging.nautilus.se\/eng\/hyra-bat\/bavaria-32-cruiser-agua-viva\/","og_site_name":"StageSite","article_publisher":"https:\/\/www.facebook.com\/nautilusboatclub\/","article_modified_time":"2024-01-09T14:49:16+00:00","og_image":[{"width":2016,"height":1134,"url":"http:\/\/staging.nautilus.se\/wp-content\/uploads\/2020\/12\/Bavaria-32-Cruiser-Aqua-Viva.jpg","type":"image\/jpeg"}],"twitter_card":"summary_large_image","twitter_misc":{"Est. reading time":"2 minutes"},"schema":{"@context":"https:\/\/schema.org","@graph":[{"@type":"WebPage","@id":"http:\/\/staging.nautilus.se\/hyra-bat\/bavaria-32-cruiser-agua-viva\/","url":"http:\/\/staging.nautilus.se\/hyra-bat\/bavaria-32-cruiser-agua-viva\/","name":"Hyr Bavaria 32 Cruiser \"Aqua Viva\"- Nautilus Boat Club","isPartOf":{"@id":"https:\/\/staging.nautilus.se\/#website"},"datePublished":"2020-12-03T22:30:14+00:00","dateModified":"2024-01-09T14:49:16+00:00","description":"Hyr Bavaria 32 Cruiser f\u00f6r en bekv\u00e4m och uppleveserik semestervecka! Nautilus Boat Club erbjuder ett m\u00e5ngsidigt och modern b\u00e5tliv.","breadcrumb":{"@id":"http:\/\/staging.nautilus.se\/hyra-bat\/bavaria-32-cruiser-agua-viva\/#breadcrumb"},"inLanguage":"en-US","potentialAction":[{"@type":"ReadAction","target":["http:\/\/staging.nautilus.se\/hyra-bat\/bavaria-32-cruiser-agua-viva\/"]}]},{"@type":"BreadcrumbList","@id":"http:\/\/staging.nautilus.se\/hyra-bat\/bavaria-32-cruiser-agua-viva\/#breadcrumb","itemListElement":[{"@type":"ListItem","position":1,"name":"Home","item":"https:\/\/staging.nautilus.se\/"},{"@type":"ListItem","position":2,"name":"Privat: Hyr b\u00e5t enkelt och tryggt","item":"https:\/\/staging.nautilus.se\/?page_id=11273"},{"@type":"ListItem","position":3,"name":"Bavaria 32 &#8221;Agua Viva&#8221;"}]},{"@type":"WebSite","@id":"https:\/\/staging.nautilus.se\/#website","url":"https:\/\/staging.nautilus.se\/","name":"StageSite","description":"Modernt och m\u00e5ngsidigt b\u00e5tliv","publisher":{"@id":"https:\/\/staging.nautilus.se\/#organization"},"potentialAction":[{"@type":"SearchAction","target":{"@type":"EntryPoint","urlTemplate":"https:\/\/staging.nautilus.se\/?s={search_term_string}"},"query-input":"required name=search_term_string"}],"inLanguage":"en-US"},{"@type":"Organization","@id":"https:\/\/staging.nautilus.se\/#organization","name":"Nautilus Boat Club AB","url":"https:\/\/staging.nautilus.se\/","logo":{"@type":"ImageObject","inLanguage":"en-US","@id":"https:\/\/staging.nautilus.se\/#\/schema\/logo\/image\/","url":"http:\/\/staging.nautilus.se\/wp-content\/uploads\/2022\/10\/Nautilus-shell-blue-back-w-logo.png","contentUrl":"http:\/\/staging.nautilus.se\/wp-content\/uploads\/2022\/10\/Nautilus-shell-blue-back-w-logo.png","width":1755,"height":1130,"caption":"Nautilus Boat Club AB"},"image":{"@id":"https:\/\/staging.nautilus.se\/#\/schema\/logo\/image\/"},"sameAs":["https:\/\/www.facebook.com\/nautilusboatclub\/","https:\/\/www.instagram.com\/nautilusboatclub\/","https:\/\/www.linkedin.com\/company\/4998214\/admin\/","https:\/\/www.youtube.com\/channel\/UCrhrs3yv-t72B5igMm2keKQ\/videos?app=desktop"]}]}},"_links":{"self":[{"href":"https:\/\/staging.nautilus.se\/eng\/wp-json\/wp\/v2\/product\/1602","targetHints":{"allow":["GET"]}}],"collection":[{"href":"https:\/\/staging.nautilus.se\/eng\/wp-json\/wp\/v2\/product"}],"about":[{"href":"https:\/\/staging.nautilus.se\/eng\/wp-json\/wp\/v2\/types\/product"}],"wp:featuredmedia":[{"embeddable":true,"href":"https:\/\/staging.nautilus.se\/eng\/wp-json\/wp\/v2\/media\/19655"}],"wp:attachment":[{"href":"https:\/\/staging.nautilus.se\/eng\/wp-json\/wp\/v2\/media?parent=1602"}],"wp:term":[{"taxonomy":"product_cat","embeddable":true,"href":"https:\/\/staging.nautilus.se\/eng\/wp-json\/wp\/v2\/product_cat?post=1602"},{"taxonomy":"product_tag","embeddable":true,"href":"https:\/\/staging.nautilus.se\/eng\/wp-json\/wp\/v2\/product_tag?post=1602"}],"curies":[{"name":"wp","href":"https:\/\/api.w.org\/{rel}","templated":true}]}}