{"id":18967,"date":"2022-11-04T14:13:57","date_gmt":"2022-11-04T13:13:57","guid":{"rendered":"http:\/\/staging.nautilus.se\/?post_type=product&#038;p=18967"},"modified":"2023-05-09T15:24:15","modified_gmt":"2023-05-09T14:24:15","slug":"boatmember-silver","status":"publish","type":"product","link":"https:\/\/staging.nautilus.se\/eng\/hyra-bat\/boatmember-silver\/","title":{"rendered":"<p>Silver Medlemskap<\/p>"},"content":{"rendered":"<p>Med Silvermedlemskap f&aring;r du en egen sida d&auml;r du kan registrera din b&aring;t, samla information, bilder och dokument.<br>\nDetta g&ouml;r det enkelt att h&aring;lla ordning p&aring; din b&aring;t!<p>Du hittar &auml;ven tips, r&aring;d och checklistor i B&aring;t&auml;garguiden p&aring; hur du tar hand om och lever med din b&aring;t.<\/p><p>Du kan f&aring;r ocks&aring; tillg&aring;ng till alla v&aring;ra servicetj&auml;nster om du beh&ouml;ver hj&auml;lp med en installation, service eller liknande.<\/p><p>Premium Assistance<br>\nDu har personlig telefonsupport om du har problem, s&ouml;ker kontakt till en leverant&ouml;r eller beh&ouml;ver hj&auml;lp med en installation, service eller liknande. Inom Stockholms sk&auml;rg&aring;rd erbjuder vi &auml;ven support p&aring; plats. Vi kommer ut till dig d&auml;r du ligger med b&aring;ten och fels&ouml;ker eller hj&auml;lper dig byta utrustning som strular. Utk&ouml;rningsavgiften &auml;r 1900kr. Utk&ouml;rningen inkluderar supportb&aring;t med drivmedel och servicetekniker samt 1 timmes fels&ouml;kning eller arbete. P&aring; denna tid &aring;tg&auml;rdar vi det mesta som inte kr&auml;ver varvsbes&ouml;k. Och vi r&auml;knar inte minuter, vi g&ouml;r v&aring;rt b&auml;sta f&ouml;r att hj&auml;lpa dig!<\/p><p>Om du uppgraderar till Guldmedlemskap f&aring;r du &auml;ven full koll p&aring; b&aring;ten i realtid. D&aring; installerar vi eller du sj&auml;lv sensorer i b&aring;ten som g&ouml;r att du i appen kan se bland annat batterisp&auml;nning, vattenniv&aring; och position dygnet runt. S&aring; slipper du &ouml;verraskningar n&auml;r du ska ut med b&aring;ten. Appen varnar d&aring; om tex batterisp&auml;nningen sjunker eller att vattenniv&aring;n i k&ouml;lsvinet stiger. Kan du inte sj&auml;lv &aring;ka till b&aring;ten f&ouml;r att kontrollera s&aring; g&ouml;r vi det &aring;t dig.<\/p><p>&nbsp;<\/p><h3 class=\"wpz-pricing-table-features-title\">Silver Inkluderar<\/h3><ul>\n<li>Personlig kundtj&auml;nst<\/li>\n<li>Premium Assistance<\/li>\n<li>Digital servicejournal<\/li>\n<li>Digital loggbok<\/li>\n<li>Rabatter och f&ouml;rm&aring;ner<\/li>\n<li>Checklistor f&ouml;r att ta hand om din b&aring;t<\/li>\n<li>Best&auml;ll kvalitetss&auml;krade b&aring;ttj&auml;nster<\/li>\n<\/ul><p>&nbsp;<\/p><p>Bindningdtid p&aring; 12 m&aring;nader.<\/p><\/p>","protected":false},"excerpt":{"rendered":"<p>Med Silvermedlemskap f&aring;r du en egen sida d&auml;r du kan registrera din b&aring;t, samla information, bilder och dokument. Detta g&ouml;r det enkelt att h&aring;lla ordning p&aring; din b&aring;t! Du hittar &auml;ven tips, r&aring;d och checklistor i B&aring;t&auml;garguiden p&aring; hur du tar hand om och lever med din b&aring;t. Du kan [&hellip;]<\/p>","protected":false},"featured_media":13654,"template":"","meta":[],"product_cat":[143],"product_tag":[],"class_list":{"0":"post-18967","1":"product","2":"type-product","3":"status-publish","4":"has-post-thumbnail","6":"product_cat-medlemskap","8":"first","9":"instock","10":"virtual","11":"taxable","12":"purchasable","13":"product-type-subscription"},"yoast_head":"<!-- This site is optimized with the Yoast SEO Premium plugin v21.9 (Yoast SEO v21.9) - https:\/\/yoast.com\/wordpress\/plugins\/seo\/ -->\n<title>Silver Medlemskap | Nautilus Boat Club<\/title>\n<meta name=\"description\" content=\"Medlemskap Silver i Sveriges f\u00f6rsta digitala b\u00e5tklubb. Tips &amp; r\u00e5d f\u00f6r din b\u00e5t, premium b\u00e5tassistans med Nautilus Boat Club.\" \/>\n<meta name=\"robots\" content=\"index, follow, max-snippet:-1, max-image-preview:large, max-video-preview:-1\" \/>\n<link rel=\"canonical\" href=\"https:\/\/staging.nautilus.se\/eng\/rent%20a%20boat\/boatmember-silver\/\" \/>\n<meta property=\"og:locale\" content=\"en_US\" \/>\n<meta property=\"og:type\" content=\"article\" \/>\n<meta property=\"og:title\" content=\"Silver Medlemskap\" \/>\n<meta property=\"og:description\" content=\"Medlemskap Silver i Sveriges f\u00f6rsta digitala b\u00e5tklubb. Tips &amp; r\u00e5d f\u00f6r din b\u00e5t, premium b\u00e5tassistans med Nautilus Boat Club.\" \/>\n<meta property=\"og:url\" content=\"https:\/\/staging.nautilus.se\/eng\/rent a boat\/boatmember-silver\/\" \/>\n<meta property=\"og:site_name\" content=\"StageSite\" \/>\n<meta property=\"article:publisher\" content=\"https:\/\/www.facebook.com\/nautilusboatclub\/\" \/>\n<meta property=\"article:modified_time\" content=\"2023-05-09T14:24:15+00:00\" \/>\n<meta property=\"og:image\" content=\"https:\/\/staging.nautilus.se\/wp-content\/uploads\/2022\/02\/Mobiltelefon-pa-bat.jpg\" \/>\n\t<meta property=\"og:image:width\" content=\"1000\" \/>\n\t<meta property=\"og:image:height\" content=\"668\" \/>\n\t<meta property=\"og:image:type\" content=\"image\/jpeg\" \/>\n<meta name=\"twitter:card\" content=\"summary_large_image\" \/>\n<meta name=\"twitter:label1\" content=\"Est. reading time\" \/>\n\t<meta name=\"twitter:data1\" content=\"2 minutes\" \/>\n<script type=\"application\/ld+json\" class=\"yoast-schema-graph\">{\"@context\":\"https:\/\/schema.org\",\"@graph\":[{\"@type\":\"WebPage\",\"@id\":\"https:\/\/staging.nautilus.se\/eng\/rent a boat\/boatmember-silver\/\",\"url\":\"https:\/\/staging.nautilus.se\/eng\/rent a boat\/boatmember-silver\/\",\"name\":\"Silver Medlemskap | Nautilus Boat Club\",\"isPartOf\":{\"@id\":\"https:\/\/staging.nautilus.se\/#website\"},\"datePublished\":\"2022-11-04T13:13:57+00:00\",\"dateModified\":\"2023-05-09T14:24:15+00:00\",\"description\":\"Medlemskap Silver i Sveriges f\u00f6rsta digitala b\u00e5tklubb. Tips & r\u00e5d f\u00f6r din b\u00e5t, premium b\u00e5tassistans med Nautilus Boat Club.\",\"breadcrumb\":{\"@id\":\"https:\/\/staging.nautilus.se\/eng\/rent a boat\/boatmember-silver\/#breadcrumb\"},\"inLanguage\":\"en-US\",\"potentialAction\":[{\"@type\":\"ReadAction\",\"target\":[\"https:\/\/staging.nautilus.se\/eng\/rent a boat\/boatmember-silver\/\"]}]},{\"@type\":\"BreadcrumbList\",\"@id\":\"https:\/\/staging.nautilus.se\/eng\/rent a boat\/boatmember-silver\/#breadcrumb\",\"itemListElement\":[{\"@type\":\"ListItem\",\"position\":1,\"name\":\"Home\",\"item\":\"https:\/\/staging.nautilus.se\/\"},{\"@type\":\"ListItem\",\"position\":2,\"name\":\"Privat: Hyr b\u00e5t enkelt och tryggt\",\"item\":\"https:\/\/staging.nautilus.se\/?page_id=11273\"},{\"@type\":\"ListItem\",\"position\":3,\"name\":\"Silver Medlemskap\"}]},{\"@type\":\"WebSite\",\"@id\":\"https:\/\/staging.nautilus.se\/#website\",\"url\":\"https:\/\/staging.nautilus.se\/\",\"name\":\"StageSite\",\"description\":\"Modernt och m\u00e5ngsidigt b\u00e5tliv\",\"publisher\":{\"@id\":\"https:\/\/staging.nautilus.se\/#organization\"},\"potentialAction\":[{\"@type\":\"SearchAction\",\"target\":{\"@type\":\"EntryPoint\",\"urlTemplate\":\"https:\/\/staging.nautilus.se\/?s={search_term_string}\"},\"query-input\":\"required name=search_term_string\"}],\"inLanguage\":\"en-US\"},{\"@type\":\"Organization\",\"@id\":\"https:\/\/staging.nautilus.se\/#organization\",\"name\":\"Nautilus Boat Club AB\",\"url\":\"https:\/\/staging.nautilus.se\/\",\"logo\":{\"@type\":\"ImageObject\",\"inLanguage\":\"en-US\",\"@id\":\"https:\/\/staging.nautilus.se\/#\/schema\/logo\/image\/\",\"url\":\"http:\/\/staging.nautilus.se\/wp-content\/uploads\/2022\/10\/Nautilus-shell-blue-back-w-logo.png\",\"contentUrl\":\"http:\/\/staging.nautilus.se\/wp-content\/uploads\/2022\/10\/Nautilus-shell-blue-back-w-logo.png\",\"width\":1755,\"height\":1130,\"caption\":\"Nautilus Boat Club AB\"},\"image\":{\"@id\":\"https:\/\/staging.nautilus.se\/#\/schema\/logo\/image\/\"},\"sameAs\":[\"https:\/\/www.facebook.com\/nautilusboatclub\/\",\"https:\/\/www.instagram.com\/nautilusboatclub\/\",\"https:\/\/www.linkedin.com\/company\/4998214\/admin\/\",\"https:\/\/www.youtube.com\/channel\/UCrhrs3yv-t72B5igMm2keKQ\/videos?app=desktop\"]}]}<\/script>\n<!-- \/ Yoast SEO Premium plugin. -->","yoast_head_json":{"title":"Silver Medlemskap | Nautilus Boat Club","description":"Medlemskap Silver i Sveriges f\u00f6rsta digitala b\u00e5tklubb. Tips & r\u00e5d f\u00f6r din b\u00e5t, premium b\u00e5tassistans med Nautilus Boat Club.","robots":{"index":"index","follow":"follow","max-snippet":"max-snippet:-1","max-image-preview":"max-image-preview:large","max-video-preview":"max-video-preview:-1"},"canonical":"https:\/\/staging.nautilus.se\/eng\/rent a boat\/boatmember-silver\/","og_locale":"en_US","og_type":"article","og_title":"Silver Medlemskap","og_description":"Medlemskap Silver i Sveriges f\u00f6rsta digitala b\u00e5tklubb. Tips & r\u00e5d f\u00f6r din b\u00e5t, premium b\u00e5tassistans med Nautilus Boat Club.","og_url":"https:\/\/staging.nautilus.se\/eng\/rent a boat\/boatmember-silver\/","og_site_name":"StageSite","article_publisher":"https:\/\/www.facebook.com\/nautilusboatclub\/","article_modified_time":"2023-05-09T14:24:15+00:00","og_image":[{"width":1000,"height":668,"url":"https:\/\/staging.nautilus.se\/wp-content\/uploads\/2022\/02\/Mobiltelefon-pa-bat.jpg","type":"image\/jpeg"}],"twitter_card":"summary_large_image","twitter_misc":{"Est. reading time":"2 minutes"},"schema":{"@context":"https:\/\/schema.org","@graph":[{"@type":"WebPage","@id":"https:\/\/staging.nautilus.se\/eng\/rent a boat\/boatmember-silver\/","url":"https:\/\/staging.nautilus.se\/eng\/rent a boat\/boatmember-silver\/","name":"Silver Medlemskap | Nautilus Boat Club","isPartOf":{"@id":"https:\/\/staging.nautilus.se\/#website"},"datePublished":"2022-11-04T13:13:57+00:00","dateModified":"2023-05-09T14:24:15+00:00","description":"Medlemskap Silver i Sveriges f\u00f6rsta digitala b\u00e5tklubb. Tips & r\u00e5d f\u00f6r din b\u00e5t, premium b\u00e5tassistans med Nautilus Boat Club.","breadcrumb":{"@id":"https:\/\/staging.nautilus.se\/eng\/rent a boat\/boatmember-silver\/#breadcrumb"},"inLanguage":"en-US","potentialAction":[{"@type":"ReadAction","target":["https:\/\/staging.nautilus.se\/eng\/rent a boat\/boatmember-silver\/"]}]},{"@type":"BreadcrumbList","@id":"https:\/\/staging.nautilus.se\/eng\/rent a boat\/boatmember-silver\/#breadcrumb","itemListElement":[{"@type":"ListItem","position":1,"name":"Home","item":"https:\/\/staging.nautilus.se\/"},{"@type":"ListItem","position":2,"name":"Privat: Hyr b\u00e5t enkelt och tryggt","item":"https:\/\/staging.nautilus.se\/?page_id=11273"},{"@type":"ListItem","position":3,"name":"Silver Medlemskap"}]},{"@type":"WebSite","@id":"https:\/\/staging.nautilus.se\/#website","url":"https:\/\/staging.nautilus.se\/","name":"StageSite","description":"Modernt och m\u00e5ngsidigt b\u00e5tliv","publisher":{"@id":"https:\/\/staging.nautilus.se\/#organization"},"potentialAction":[{"@type":"SearchAction","target":{"@type":"EntryPoint","urlTemplate":"https:\/\/staging.nautilus.se\/?s={search_term_string}"},"query-input":"required name=search_term_string"}],"inLanguage":"en-US"},{"@type":"Organization","@id":"https:\/\/staging.nautilus.se\/#organization","name":"Nautilus Boat Club AB","url":"https:\/\/staging.nautilus.se\/","logo":{"@type":"ImageObject","inLanguage":"en-US","@id":"https:\/\/staging.nautilus.se\/#\/schema\/logo\/image\/","url":"http:\/\/staging.nautilus.se\/wp-content\/uploads\/2022\/10\/Nautilus-shell-blue-back-w-logo.png","contentUrl":"http:\/\/staging.nautilus.se\/wp-content\/uploads\/2022\/10\/Nautilus-shell-blue-back-w-logo.png","width":1755,"height":1130,"caption":"Nautilus Boat Club AB"},"image":{"@id":"https:\/\/staging.nautilus.se\/#\/schema\/logo\/image\/"},"sameAs":["https:\/\/www.facebook.com\/nautilusboatclub\/","https:\/\/www.instagram.com\/nautilusboatclub\/","https:\/\/www.linkedin.com\/company\/4998214\/admin\/","https:\/\/www.youtube.com\/channel\/UCrhrs3yv-t72B5igMm2keKQ\/videos?app=desktop"]}]}},"_links":{"self":[{"href":"https:\/\/staging.nautilus.se\/eng\/wp-json\/wp\/v2\/product\/18967","targetHints":{"allow":["GET"]}}],"collection":[{"href":"https:\/\/staging.nautilus.se\/eng\/wp-json\/wp\/v2\/product"}],"about":[{"href":"https:\/\/staging.nautilus.se\/eng\/wp-json\/wp\/v2\/types\/product"}],"wp:featuredmedia":[{"embeddable":true,"href":"https:\/\/staging.nautilus.se\/eng\/wp-json\/wp\/v2\/media\/13654"}],"wp:attachment":[{"href":"https:\/\/staging.nautilus.se\/eng\/wp-json\/wp\/v2\/media?parent=18967"}],"wp:term":[{"taxonomy":"product_cat","embeddable":true,"href":"https:\/\/staging.nautilus.se\/eng\/wp-json\/wp\/v2\/product_cat?post=18967"},{"taxonomy":"product_tag","embeddable":true,"href":"https:\/\/staging.nautilus.se\/eng\/wp-json\/wp\/v2\/product_tag?post=18967"}],"curies":[{"name":"wp","href":"https:\/\/api.w.org\/{rel}","templated":true}]}}