{"id":1903,"date":"2020-12-30T20:05:46","date_gmt":"2020-12-30T19:05:46","guid":{"rendered":"http:\/\/staging.nautilus.se\/?post_type=product&#038;p=1903"},"modified":"2024-01-11T17:39:54","modified_gmt":"2024-01-11T16:39:54","slug":"uttern-c77","status":"publish","type":"product","link":"https:\/\/staging.nautilus.se\/eng\/hyra-bat\/uttern-c77\/","title":{"rendered":"<p>Uttern C77<\/p>"},"content":{"rendered":"<div class=\"container\">\n<div class=\"left\">\n<p>This spacious and practical cabin boat is perfect for family adventures at sea. Bring kayaks, SUP boards and all the family equipment for an unforgettable archipelago trip!<\/p>\n<p>The dining area accommodates four people around the table, but can also be easily converted into forward-facing seating. Another seating area is on the aft deck. Sleeping places for 4 people are distributed in two cabins, each with a double bed and a separate bathroom with WC and shower. In the kitchenette there is a fridge, stove and water.<\/p>\n<p>Welcome to stay over on a boat that offers a bit of everything!<\/p>\n<h3><\/h3>\n<h3>Safe rentals<\/h3>\n<p>When you rent a boat from Nautilus Boat Club, fast support is always included.<br>\nShould any problem arise during your rental, we will come out and fix it on the spot.<\/p>\n<p>&nbsp;<\/p>\n<p>&nbsp;<\/p>\n<p>Boating license and experience required<br>\nCheck-in from 10:00<br>\nCheck-out: at 15.00<br>\nAnimals and smoking not allowed<br>\nFree parking exists<br>\nBookable: 1-7 days<br>\nCancellation: 14 days in advance<br>\nAge limit: 25 years<br>\nDeposit\/deductible: 10.000kr<br>\nHamn: Bulland&ouml; Marina, V&auml;rmd&ouml;<\/p>\n<\/div>\n<p>&nbsp;<\/p>\n<div class=\"right\">\n<h3>Equipment:<\/h3>\n<ul>\n<li>Bow thruster<\/li>\n<li>Ankarspel bak, med fj&auml;rrkontroll<\/li>\n<li>Trim plan<\/li>\n<li>Simrad NSS 9-inch plotter<\/li>\n<li>Landstr&ouml;m<\/li>\n<li>Four fixed berths<\/li>\n<li>Diesel-v&auml;rmare<\/li>\n<li>Pentry med kylsk&aring;p och tv&aring;l&aring;gig gasolspis<\/li>\n<li>Separat toalett med septiktank 80 liter<\/li>\n<li>F&auml;rskvattentank 80l<\/li>\n<li>12V- socket in the cabin and cockpit<\/li>\n<li>Dusch p&aring; badbryggan<\/li>\n<li>Solb&auml;dd bak<\/li>\n<li>K&ouml;ksutrustning<\/li>\n<li>4 kuddar och t&auml;cken<\/li>\n<li>B&aring;tsportkort<\/li>\n<li>Flytv&auml;star<\/li>\n<li>Fenders, ropes and anchor gear<\/li>\n<\/ul>\n<\/div>\n<\/div>","protected":false},"excerpt":{"rendered":"<p>Disposable: 1-7 days<br>\nClick on the desired days for the current price.<\/p>","protected":false},"featured_media":1910,"template":"","meta":[],"product_cat":[18],"product_tag":[90],"class_list":{"0":"post-1903","1":"product","2":"type-product","3":"status-publish","4":"has-post-thumbnail","6":"product_cat-motorbatar","7":"product_tag-bullando","9":"first","10":"instock","11":"virtual","12":"sold-individually","13":"taxable","14":"purchasable","15":"product-type-booking"},"yoast_head":"<!-- This site is optimized with the Yoast SEO Premium plugin v21.9 (Yoast SEO v21.9) - https:\/\/yoast.com\/wordpress\/plugins\/seo\/ -->\n<title>Hyr motorb\u00e5t Stockholm Uttern C77 - Nautilus Boat Club<\/title>\n<meta name=\"description\" content=\"Hyr motorb\u00e5t Stockholm, tex denna \u00e4ventyrsb\u00e5t Uttern C77. Nautilus Boat Club erbjuder ett m\u00e5ngsidigt och modern b\u00e5tliv.\" \/>\n<meta name=\"robots\" content=\"index, follow, max-snippet:-1, max-image-preview:large, max-video-preview:-1\" \/>\n<link rel=\"canonical\" href=\"https:\/\/staging.nautilus.se\/eng\/hyra-bat\/uttern-c77\/\" \/>\n<meta property=\"og:locale\" content=\"en_US\" \/>\n<meta property=\"og:type\" content=\"article\" \/>\n<meta property=\"og:title\" content=\"Uttern C77\" \/>\n<meta property=\"og:description\" content=\"Hyr motorb\u00e5t Stockholm, tex denna \u00e4ventyrsb\u00e5t Uttern C77. Nautilus Boat Club erbjuder ett m\u00e5ngsidigt och modern b\u00e5tliv.\" \/>\n<meta property=\"og:url\" content=\"https:\/\/staging.nautilus.se\/eng\/hyra-bat\/uttern-c77\/\" \/>\n<meta property=\"og:site_name\" content=\"StageSite\" \/>\n<meta property=\"article:publisher\" content=\"https:\/\/www.facebook.com\/nautilusboatclub\/\" \/>\n<meta property=\"article:modified_time\" content=\"2024-01-11T16:39:54+00:00\" \/>\n<meta property=\"og:image\" content=\"http:\/\/staging.nautilus.se\/wp-content\/uploads\/2020\/12\/c77-running-0342_video_900x600px.jpg\" \/>\n\t<meta property=\"og:image:width\" content=\"900\" \/>\n\t<meta property=\"og:image:height\" content=\"600\" \/>\n\t<meta property=\"og:image:type\" content=\"image\/jpeg\" \/>\n<meta name=\"twitter:card\" content=\"summary_large_image\" \/>\n<meta name=\"twitter:label1\" content=\"Est. reading time\" \/>\n\t<meta name=\"twitter:data1\" content=\"2 minutes\" \/>\n<script type=\"application\/ld+json\" class=\"yoast-schema-graph\">{\"@context\":\"https:\/\/schema.org\",\"@graph\":[{\"@type\":\"WebPage\",\"@id\":\"http:\/\/staging.nautilus.se\/hyra-bat\/uttern-c77\/\",\"url\":\"http:\/\/staging.nautilus.se\/hyra-bat\/uttern-c77\/\",\"name\":\"Hyr motorb\u00e5t Stockholm Uttern C77 - Nautilus Boat Club\",\"isPartOf\":{\"@id\":\"https:\/\/staging.nautilus.se\/#website\"},\"datePublished\":\"2020-12-30T19:05:46+00:00\",\"dateModified\":\"2024-01-11T16:39:54+00:00\",\"description\":\"Hyr motorb\u00e5t Stockholm, tex denna \u00e4ventyrsb\u00e5t Uttern C77. Nautilus Boat Club erbjuder ett m\u00e5ngsidigt och modern b\u00e5tliv.\",\"breadcrumb\":{\"@id\":\"http:\/\/staging.nautilus.se\/hyra-bat\/uttern-c77\/#breadcrumb\"},\"inLanguage\":\"en-US\",\"potentialAction\":[{\"@type\":\"ReadAction\",\"target\":[\"http:\/\/staging.nautilus.se\/hyra-bat\/uttern-c77\/\"]}]},{\"@type\":\"BreadcrumbList\",\"@id\":\"http:\/\/staging.nautilus.se\/hyra-bat\/uttern-c77\/#breadcrumb\",\"itemListElement\":[{\"@type\":\"ListItem\",\"position\":1,\"name\":\"Home\",\"item\":\"https:\/\/staging.nautilus.se\/\"},{\"@type\":\"ListItem\",\"position\":2,\"name\":\"Privat: Hyr b\u00e5t enkelt och tryggt\",\"item\":\"https:\/\/staging.nautilus.se\/?page_id=11273\"},{\"@type\":\"ListItem\",\"position\":3,\"name\":\"Uttern C77\"}]},{\"@type\":\"WebSite\",\"@id\":\"https:\/\/staging.nautilus.se\/#website\",\"url\":\"https:\/\/staging.nautilus.se\/\",\"name\":\"StageSite\",\"description\":\"Modernt och m\u00e5ngsidigt b\u00e5tliv\",\"publisher\":{\"@id\":\"https:\/\/staging.nautilus.se\/#organization\"},\"potentialAction\":[{\"@type\":\"SearchAction\",\"target\":{\"@type\":\"EntryPoint\",\"urlTemplate\":\"https:\/\/staging.nautilus.se\/?s={search_term_string}\"},\"query-input\":\"required name=search_term_string\"}],\"inLanguage\":\"en-US\"},{\"@type\":\"Organization\",\"@id\":\"https:\/\/staging.nautilus.se\/#organization\",\"name\":\"Nautilus Boat Club AB\",\"url\":\"https:\/\/staging.nautilus.se\/\",\"logo\":{\"@type\":\"ImageObject\",\"inLanguage\":\"en-US\",\"@id\":\"https:\/\/staging.nautilus.se\/#\/schema\/logo\/image\/\",\"url\":\"http:\/\/staging.nautilus.se\/wp-content\/uploads\/2022\/10\/Nautilus-shell-blue-back-w-logo.png\",\"contentUrl\":\"http:\/\/staging.nautilus.se\/wp-content\/uploads\/2022\/10\/Nautilus-shell-blue-back-w-logo.png\",\"width\":1755,\"height\":1130,\"caption\":\"Nautilus Boat Club AB\"},\"image\":{\"@id\":\"https:\/\/staging.nautilus.se\/#\/schema\/logo\/image\/\"},\"sameAs\":[\"https:\/\/www.facebook.com\/nautilusboatclub\/\",\"https:\/\/www.instagram.com\/nautilusboatclub\/\",\"https:\/\/www.linkedin.com\/company\/4998214\/admin\/\",\"https:\/\/www.youtube.com\/channel\/UCrhrs3yv-t72B5igMm2keKQ\/videos?app=desktop\"]}]}<\/script>\n<!-- \/ Yoast SEO Premium plugin. -->","yoast_head_json":{"title":"Hyr motorb\u00e5t Stockholm Uttern C77 - Nautilus Boat Club","description":"Hyr motorb\u00e5t Stockholm, tex denna \u00e4ventyrsb\u00e5t Uttern C77. Nautilus Boat Club erbjuder ett m\u00e5ngsidigt och modern b\u00e5tliv.","robots":{"index":"index","follow":"follow","max-snippet":"max-snippet:-1","max-image-preview":"max-image-preview:large","max-video-preview":"max-video-preview:-1"},"canonical":"https:\/\/staging.nautilus.se\/eng\/hyra-bat\/uttern-c77\/","og_locale":"en_US","og_type":"article","og_title":"Uttern C77","og_description":"Hyr motorb\u00e5t Stockholm, tex denna \u00e4ventyrsb\u00e5t Uttern C77. Nautilus Boat Club erbjuder ett m\u00e5ngsidigt och modern b\u00e5tliv.","og_url":"https:\/\/staging.nautilus.se\/eng\/hyra-bat\/uttern-c77\/","og_site_name":"StageSite","article_publisher":"https:\/\/www.facebook.com\/nautilusboatclub\/","article_modified_time":"2024-01-11T16:39:54+00:00","og_image":[{"width":900,"height":600,"url":"http:\/\/staging.nautilus.se\/wp-content\/uploads\/2020\/12\/c77-running-0342_video_900x600px.jpg","type":"image\/jpeg"}],"twitter_card":"summary_large_image","twitter_misc":{"Est. reading time":"2 minutes"},"schema":{"@context":"https:\/\/schema.org","@graph":[{"@type":"WebPage","@id":"http:\/\/staging.nautilus.se\/hyra-bat\/uttern-c77\/","url":"http:\/\/staging.nautilus.se\/hyra-bat\/uttern-c77\/","name":"Hyr motorb\u00e5t Stockholm Uttern C77 - Nautilus Boat Club","isPartOf":{"@id":"https:\/\/staging.nautilus.se\/#website"},"datePublished":"2020-12-30T19:05:46+00:00","dateModified":"2024-01-11T16:39:54+00:00","description":"Hyr motorb\u00e5t Stockholm, tex denna \u00e4ventyrsb\u00e5t Uttern C77. Nautilus Boat Club erbjuder ett m\u00e5ngsidigt och modern b\u00e5tliv.","breadcrumb":{"@id":"http:\/\/staging.nautilus.se\/hyra-bat\/uttern-c77\/#breadcrumb"},"inLanguage":"en-US","potentialAction":[{"@type":"ReadAction","target":["http:\/\/staging.nautilus.se\/hyra-bat\/uttern-c77\/"]}]},{"@type":"BreadcrumbList","@id":"http:\/\/staging.nautilus.se\/hyra-bat\/uttern-c77\/#breadcrumb","itemListElement":[{"@type":"ListItem","position":1,"name":"Home","item":"https:\/\/staging.nautilus.se\/"},{"@type":"ListItem","position":2,"name":"Privat: Hyr b\u00e5t enkelt och tryggt","item":"https:\/\/staging.nautilus.se\/?page_id=11273"},{"@type":"ListItem","position":3,"name":"Uttern C77"}]},{"@type":"WebSite","@id":"https:\/\/staging.nautilus.se\/#website","url":"https:\/\/staging.nautilus.se\/","name":"StageSite","description":"Modernt och m\u00e5ngsidigt b\u00e5tliv","publisher":{"@id":"https:\/\/staging.nautilus.se\/#organization"},"potentialAction":[{"@type":"SearchAction","target":{"@type":"EntryPoint","urlTemplate":"https:\/\/staging.nautilus.se\/?s={search_term_string}"},"query-input":"required name=search_term_string"}],"inLanguage":"en-US"},{"@type":"Organization","@id":"https:\/\/staging.nautilus.se\/#organization","name":"Nautilus Boat Club AB","url":"https:\/\/staging.nautilus.se\/","logo":{"@type":"ImageObject","inLanguage":"en-US","@id":"https:\/\/staging.nautilus.se\/#\/schema\/logo\/image\/","url":"http:\/\/staging.nautilus.se\/wp-content\/uploads\/2022\/10\/Nautilus-shell-blue-back-w-logo.png","contentUrl":"http:\/\/staging.nautilus.se\/wp-content\/uploads\/2022\/10\/Nautilus-shell-blue-back-w-logo.png","width":1755,"height":1130,"caption":"Nautilus Boat Club AB"},"image":{"@id":"https:\/\/staging.nautilus.se\/#\/schema\/logo\/image\/"},"sameAs":["https:\/\/www.facebook.com\/nautilusboatclub\/","https:\/\/www.instagram.com\/nautilusboatclub\/","https:\/\/www.linkedin.com\/company\/4998214\/admin\/","https:\/\/www.youtube.com\/channel\/UCrhrs3yv-t72B5igMm2keKQ\/videos?app=desktop"]}]}},"_links":{"self":[{"href":"https:\/\/staging.nautilus.se\/eng\/wp-json\/wp\/v2\/product\/1903","targetHints":{"allow":["GET"]}}],"collection":[{"href":"https:\/\/staging.nautilus.se\/eng\/wp-json\/wp\/v2\/product"}],"about":[{"href":"https:\/\/staging.nautilus.se\/eng\/wp-json\/wp\/v2\/types\/product"}],"wp:featuredmedia":[{"embeddable":true,"href":"https:\/\/staging.nautilus.se\/eng\/wp-json\/wp\/v2\/media\/1910"}],"wp:attachment":[{"href":"https:\/\/staging.nautilus.se\/eng\/wp-json\/wp\/v2\/media?parent=1903"}],"wp:term":[{"taxonomy":"product_cat","embeddable":true,"href":"https:\/\/staging.nautilus.se\/eng\/wp-json\/wp\/v2\/product_cat?post=1903"},{"taxonomy":"product_tag","embeddable":true,"href":"https:\/\/staging.nautilus.se\/eng\/wp-json\/wp\/v2\/product_tag?post=1903"}],"curies":[{"name":"wp","href":"https:\/\/api.w.org\/{rel}","templated":true}]}}