{"id":20895,"date":"2023-02-28T12:59:33","date_gmt":"2023-02-28T11:59:33","guid":{"rendered":"http:\/\/staging.nautilus.se\/?post_type=product&#038;p=20895"},"modified":"2023-12-10T13:23:52","modified_gmt":"2023-12-10T12:23:52","slug":"dufour-360","status":"publish","type":"product","link":"https:\/\/staging.nautilus.se\/eng\/hyra-bat\/dufour-360\/","title":{"rendered":"<p>Dufour 360<\/p>"},"content":{"rendered":"<div class=\"container\">\n<div class=\"left\">\n<p>Rent Dufour 360! A very nice family cruiser with all the equipment. Bow thruster, windlass fore and aft, cockpit canopy, etc., etc.<br>\nThe Dufour 360 has a fast and stable hull regardless of speed and plenty of space to socialize with guests in the cockpit. The wide stern creates, in addition to the obvious, better space and more turning room in the cockpit, also better stability and greater comfort under sail. Inside, it offers, for example, up to eight guests at the table in the lounge, a spacious toilet with shower and three separate cabins with a total of 6 berths.<\/p>\n<p>All amenities are on board ready for the holiday. Kitchen equipment, hot water, blankets and pillows, etc.<\/p>\n<p>&nbsp;<\/p>\n<div class=\"left\">\n<p><strong>Safe rentals!<\/strong><br>\nWhen you rent a boat with us fast assistance through phone and e-mail is always included. If issues occur during your rental we are always quick to arrive and correct this on the spot.<\/p>\n<p>&nbsp;<\/p>\n<\/div>\n<p>Down payment at 30% when booking. Residue 30 days before check-in.<br>\nBoating license and experience required<br>\nCheck-in from 10:00<br>\nCheck-out: at 15.00<br>\nAnimals and smoking not allowed<br>\nParkering exists for a fee<br>\nBookable: 7-21 days<br>\nCancellation: 30 days in advance<br>\nAge limit: 25 years<br>\nDeposit\/deductible: 12.000kr<br>\nHamn: Bulland&ouml; Marina, V&auml;rmd&ouml;<\/p>\n<p>&nbsp;<\/p>\n<\/div>\n<div class=\"right\">\n<h3>Equipment:<\/h3>\n<ul>\n<li>6 berths<\/li>\n<li>3 cabins<\/li>\n<li>Bow thruster<\/li>\n<li>Ankarspel i f&ouml;ren<\/li>\n<li>Ankarspel i aktern<\/li>\n<li>Sj&auml;lvsl&aring;ende fock p&aring; rulle<\/li>\n<li>Storsegel med lazybag och fullattor<\/li>\n<li>Volvo Penta D1-30, 29 HP<\/li>\n<li>Teak in the cockpit<\/li>\n<li>Spray hood<\/li>\n<li>Sittbrunnskapell\/bimini<\/li>\n<li>Raymarine Axiom 9 plotter<\/li>\n<li>Raymarine vindinstrument<\/li>\n<li>Raymarine autopilot med fj&auml;rrkontroll<\/li>\n<li>Raymarine logg och ekolod<\/li>\n<li>Raymarine VHF<\/li>\n<li>Raymarine AIS<\/li>\n<li>Fusion bl&aring;tandsstereo med h&ouml;gtalare inne och ute<\/li>\n<li>2x100ah Lithium<\/li>\n<li>60W solcell<\/li>\n<li>Point with ladder<\/li>\n<li>Big cockpit table<\/li>\n<li>Landstr&ouml;m med laddning<\/li>\n<li>12V and 220V socket<\/li>\n<li>L&ouml;stagbar solcell<\/li>\n<li>V&auml;rme i ruffen<\/li>\n<li>Gas cooker with oven<\/li>\n<li>Cooler box<\/li>\n<li>Toilet with septic tank<\/li>\n<li>B&aring;tsportkort &ouml;ver Stockholms sk&auml;rg&aring;rd<\/li>\n<li>Flytv&auml;star<\/li>\n<li>Fendrar, b&aring;tshake, tampar, ankare och bergskilar<\/li>\n<li>Kitchen equipment for 8 people<\/li>\n<li>Blankets and pillows for 6 people<\/li>\n<\/ul>\n<p>B&aring;ten ligger i Gustavsberg.<\/p>\n<\/div>\n<\/div>","protected":false},"excerpt":{"rendered":"<p>Boating license and experience required<br>\nClick on the desired days for the current price.<\/p>","protected":false},"featured_media":20896,"template":"","meta":[],"product_cat":[19],"product_tag":[90],"class_list":{"0":"post-20895","1":"product","2":"type-product","3":"status-publish","4":"has-post-thumbnail","6":"product_cat-segelbatar","7":"product_tag-bullando","9":"first","10":"instock","11":"virtual","12":"sold-individually","13":"purchasable","14":"product-type-booking"},"yoast_head":"<!-- This site is optimized with the Yoast SEO Premium plugin v21.9 (Yoast SEO v21.9) - https:\/\/yoast.com\/wordpress\/plugins\/seo\/ -->\n<title>Hyr segelb\u00e5t Dufour 360 | Nautilus Boat Club<\/title>\n<meta name=\"description\" content=\"Hyr Dufour 360 f\u00f6r en bekv\u00e4m och upplevelserik b\u00e5tsemester! Boka din semestervecka hos Nautilus Boat Club Stockolm. Alltid med full support.\" \/>\n<meta name=\"robots\" content=\"index, follow, max-snippet:-1, max-image-preview:large, max-video-preview:-1\" \/>\n<link rel=\"canonical\" href=\"https:\/\/staging.nautilus.se\/eng\/hyra-bat\/dufour-360\/\" \/>\n<meta property=\"og:locale\" content=\"en_US\" \/>\n<meta property=\"og:type\" content=\"article\" \/>\n<meta property=\"og:title\" content=\"Dufour 360\" \/>\n<meta property=\"og:description\" content=\"Hyr Dufour 360 f\u00f6r en bekv\u00e4m och upplevelserik b\u00e5tsemester! Boka din semestervecka hos Nautilus Boat Club Stockolm. Alltid med full support.\" \/>\n<meta property=\"og:url\" content=\"https:\/\/staging.nautilus.se\/eng\/hyra-bat\/dufour-360\/\" \/>\n<meta property=\"og:site_name\" content=\"StageSite\" \/>\n<meta property=\"article:publisher\" content=\"https:\/\/www.facebook.com\/nautilusboatclub\/\" \/>\n<meta property=\"article:modified_time\" content=\"2023-12-10T12:23:52+00:00\" \/>\n<meta property=\"og:image\" content=\"http:\/\/staging.nautilus.se\/wp-content\/uploads\/2023\/02\/IMG_9965.webp\" \/>\n\t<meta property=\"og:image:width\" content=\"2000\" \/>\n\t<meta property=\"og:image:height\" content=\"1500\" \/>\n\t<meta property=\"og:image:type\" content=\"image\/webp\" \/>\n<meta name=\"twitter:card\" content=\"summary_large_image\" \/>\n<meta name=\"twitter:label1\" content=\"Est. reading time\" \/>\n\t<meta name=\"twitter:data1\" content=\"2 minutes\" \/>\n<script type=\"application\/ld+json\" class=\"yoast-schema-graph\">{\"@context\":\"https:\/\/schema.org\",\"@graph\":[{\"@type\":\"WebPage\",\"@id\":\"http:\/\/staging.nautilus.se\/hyra-bat\/dufour-360\/\",\"url\":\"http:\/\/staging.nautilus.se\/hyra-bat\/dufour-360\/\",\"name\":\"Hyr segelb\u00e5t Dufour 360 | Nautilus Boat Club\",\"isPartOf\":{\"@id\":\"https:\/\/staging.nautilus.se\/#website\"},\"datePublished\":\"2023-02-28T11:59:33+00:00\",\"dateModified\":\"2023-12-10T12:23:52+00:00\",\"description\":\"Hyr Dufour 360 f\u00f6r en bekv\u00e4m och upplevelserik b\u00e5tsemester! Boka din semestervecka hos Nautilus Boat Club Stockolm. Alltid med full support.\",\"breadcrumb\":{\"@id\":\"http:\/\/staging.nautilus.se\/hyra-bat\/dufour-360\/#breadcrumb\"},\"inLanguage\":\"en-US\",\"potentialAction\":[{\"@type\":\"ReadAction\",\"target\":[\"http:\/\/staging.nautilus.se\/hyra-bat\/dufour-360\/\"]}]},{\"@type\":\"BreadcrumbList\",\"@id\":\"http:\/\/staging.nautilus.se\/hyra-bat\/dufour-360\/#breadcrumb\",\"itemListElement\":[{\"@type\":\"ListItem\",\"position\":1,\"name\":\"Home\",\"item\":\"https:\/\/staging.nautilus.se\/\"},{\"@type\":\"ListItem\",\"position\":2,\"name\":\"Privat: Hyr b\u00e5t enkelt och tryggt\",\"item\":\"https:\/\/staging.nautilus.se\/?page_id=11273\"},{\"@type\":\"ListItem\",\"position\":3,\"name\":\"Dufour 360\"}]},{\"@type\":\"WebSite\",\"@id\":\"https:\/\/staging.nautilus.se\/#website\",\"url\":\"https:\/\/staging.nautilus.se\/\",\"name\":\"StageSite\",\"description\":\"Modernt och m\u00e5ngsidigt b\u00e5tliv\",\"publisher\":{\"@id\":\"https:\/\/staging.nautilus.se\/#organization\"},\"potentialAction\":[{\"@type\":\"SearchAction\",\"target\":{\"@type\":\"EntryPoint\",\"urlTemplate\":\"https:\/\/staging.nautilus.se\/?s={search_term_string}\"},\"query-input\":\"required name=search_term_string\"}],\"inLanguage\":\"en-US\"},{\"@type\":\"Organization\",\"@id\":\"https:\/\/staging.nautilus.se\/#organization\",\"name\":\"Nautilus Boat Club AB\",\"url\":\"https:\/\/staging.nautilus.se\/\",\"logo\":{\"@type\":\"ImageObject\",\"inLanguage\":\"en-US\",\"@id\":\"https:\/\/staging.nautilus.se\/#\/schema\/logo\/image\/\",\"url\":\"http:\/\/staging.nautilus.se\/wp-content\/uploads\/2022\/10\/Nautilus-shell-blue-back-w-logo.png\",\"contentUrl\":\"http:\/\/staging.nautilus.se\/wp-content\/uploads\/2022\/10\/Nautilus-shell-blue-back-w-logo.png\",\"width\":1755,\"height\":1130,\"caption\":\"Nautilus Boat Club AB\"},\"image\":{\"@id\":\"https:\/\/staging.nautilus.se\/#\/schema\/logo\/image\/\"},\"sameAs\":[\"https:\/\/www.facebook.com\/nautilusboatclub\/\",\"https:\/\/www.instagram.com\/nautilusboatclub\/\",\"https:\/\/www.linkedin.com\/company\/4998214\/admin\/\",\"https:\/\/www.youtube.com\/channel\/UCrhrs3yv-t72B5igMm2keKQ\/videos?app=desktop\"]}]}<\/script>\n<!-- \/ Yoast SEO Premium plugin. -->","yoast_head_json":{"title":"Hyr segelb\u00e5t Dufour 360 | Nautilus Boat Club","description":"Hyr Dufour 360 f\u00f6r en bekv\u00e4m och upplevelserik b\u00e5tsemester! Boka din semestervecka hos Nautilus Boat Club Stockolm. Alltid med full support.","robots":{"index":"index","follow":"follow","max-snippet":"max-snippet:-1","max-image-preview":"max-image-preview:large","max-video-preview":"max-video-preview:-1"},"canonical":"https:\/\/staging.nautilus.se\/eng\/hyra-bat\/dufour-360\/","og_locale":"en_US","og_type":"article","og_title":"Dufour 360","og_description":"Hyr Dufour 360 f\u00f6r en bekv\u00e4m och upplevelserik b\u00e5tsemester! Boka din semestervecka hos Nautilus Boat Club Stockolm. Alltid med full support.","og_url":"https:\/\/staging.nautilus.se\/eng\/hyra-bat\/dufour-360\/","og_site_name":"StageSite","article_publisher":"https:\/\/www.facebook.com\/nautilusboatclub\/","article_modified_time":"2023-12-10T12:23:52+00:00","og_image":[{"width":2000,"height":1500,"url":"http:\/\/staging.nautilus.se\/wp-content\/uploads\/2023\/02\/IMG_9965.webp","type":"image\/webp"}],"twitter_card":"summary_large_image","twitter_misc":{"Est. reading time":"2 minutes"},"schema":{"@context":"https:\/\/schema.org","@graph":[{"@type":"WebPage","@id":"http:\/\/staging.nautilus.se\/hyra-bat\/dufour-360\/","url":"http:\/\/staging.nautilus.se\/hyra-bat\/dufour-360\/","name":"Hyr segelb\u00e5t Dufour 360 | Nautilus Boat Club","isPartOf":{"@id":"https:\/\/staging.nautilus.se\/#website"},"datePublished":"2023-02-28T11:59:33+00:00","dateModified":"2023-12-10T12:23:52+00:00","description":"Hyr Dufour 360 f\u00f6r en bekv\u00e4m och upplevelserik b\u00e5tsemester! Boka din semestervecka hos Nautilus Boat Club Stockolm. Alltid med full support.","breadcrumb":{"@id":"http:\/\/staging.nautilus.se\/hyra-bat\/dufour-360\/#breadcrumb"},"inLanguage":"en-US","potentialAction":[{"@type":"ReadAction","target":["http:\/\/staging.nautilus.se\/hyra-bat\/dufour-360\/"]}]},{"@type":"BreadcrumbList","@id":"http:\/\/staging.nautilus.se\/hyra-bat\/dufour-360\/#breadcrumb","itemListElement":[{"@type":"ListItem","position":1,"name":"Home","item":"https:\/\/staging.nautilus.se\/"},{"@type":"ListItem","position":2,"name":"Privat: Hyr b\u00e5t enkelt och tryggt","item":"https:\/\/staging.nautilus.se\/?page_id=11273"},{"@type":"ListItem","position":3,"name":"Dufour 360"}]},{"@type":"WebSite","@id":"https:\/\/staging.nautilus.se\/#website","url":"https:\/\/staging.nautilus.se\/","name":"StageSite","description":"Modernt och m\u00e5ngsidigt b\u00e5tliv","publisher":{"@id":"https:\/\/staging.nautilus.se\/#organization"},"potentialAction":[{"@type":"SearchAction","target":{"@type":"EntryPoint","urlTemplate":"https:\/\/staging.nautilus.se\/?s={search_term_string}"},"query-input":"required name=search_term_string"}],"inLanguage":"en-US"},{"@type":"Organization","@id":"https:\/\/staging.nautilus.se\/#organization","name":"Nautilus Boat Club AB","url":"https:\/\/staging.nautilus.se\/","logo":{"@type":"ImageObject","inLanguage":"en-US","@id":"https:\/\/staging.nautilus.se\/#\/schema\/logo\/image\/","url":"http:\/\/staging.nautilus.se\/wp-content\/uploads\/2022\/10\/Nautilus-shell-blue-back-w-logo.png","contentUrl":"http:\/\/staging.nautilus.se\/wp-content\/uploads\/2022\/10\/Nautilus-shell-blue-back-w-logo.png","width":1755,"height":1130,"caption":"Nautilus Boat Club AB"},"image":{"@id":"https:\/\/staging.nautilus.se\/#\/schema\/logo\/image\/"},"sameAs":["https:\/\/www.facebook.com\/nautilusboatclub\/","https:\/\/www.instagram.com\/nautilusboatclub\/","https:\/\/www.linkedin.com\/company\/4998214\/admin\/","https:\/\/www.youtube.com\/channel\/UCrhrs3yv-t72B5igMm2keKQ\/videos?app=desktop"]}]}},"_links":{"self":[{"href":"https:\/\/staging.nautilus.se\/eng\/wp-json\/wp\/v2\/product\/20895","targetHints":{"allow":["GET"]}}],"collection":[{"href":"https:\/\/staging.nautilus.se\/eng\/wp-json\/wp\/v2\/product"}],"about":[{"href":"https:\/\/staging.nautilus.se\/eng\/wp-json\/wp\/v2\/types\/product"}],"wp:featuredmedia":[{"embeddable":true,"href":"https:\/\/staging.nautilus.se\/eng\/wp-json\/wp\/v2\/media\/20896"}],"wp:attachment":[{"href":"https:\/\/staging.nautilus.se\/eng\/wp-json\/wp\/v2\/media?parent=20895"}],"wp:term":[{"taxonomy":"product_cat","embeddable":true,"href":"https:\/\/staging.nautilus.se\/eng\/wp-json\/wp\/v2\/product_cat?post=20895"},{"taxonomy":"product_tag","embeddable":true,"href":"https:\/\/staging.nautilus.se\/eng\/wp-json\/wp\/v2\/product_tag?post=20895"}],"curies":[{"name":"wp","href":"https:\/\/api.w.org\/{rel}","templated":true}]}}