{"id":4622,"date":"2021-04-05T18:41:42","date_gmt":"2021-04-05T17:41:42","guid":{"rendered":"http:\/\/staging.nautilus.se\/?post_type=product&#038;p=4622"},"modified":"2024-01-12T13:29:01","modified_gmt":"2024-01-12T12:29:01","slug":"jeanneau-sun-odyssey-51-madonna","status":"publish","type":"product","link":"https:\/\/staging.nautilus.se\/eng\/hyra-bat\/jeanneau-sun-odyssey-51-madonna\/","title":{"rendered":"<p>Jeanneau Sun Odyssey 51<\/p>"},"content":{"rendered":"<div class=\"container\">\n<div class=\"left\">\n<p style=\"background: white; margin: 0cm 0cm 21.0pt 0cm;\"><span style=\"font-family: 'Arial',sans-serif; color: #444444;\">En perfekt cruisingb&aring;t till familjesemestrar f&ouml;r den stora familjen. Jeanneau Sun Oddyssey 51 tillhandah&aring;ller hela 3 kabiner med dubbelkoj i vardera, plus en enklare crew cabin i f&ouml;ren. H&auml;r finns 3 badrum med WC, varmvatten och dusch. I salongen finns det plats f&ouml;r det st&ouml;rre s&auml;llskapet att umg&aring;s, h&auml;r finns &auml;ven en TV och ett gener&ouml;st och v&auml;lutrustat pentry. B&aring;ten &auml;r &auml;ven f&ouml;rsedd med ytterligare bekv&auml;m utrustning som bland annat autopilot, elektriskt ankarspel i f&ouml;ren och genua p&aring; rulle. <\/span><\/p>\n<p style=\"background: white; margin: 0cm 0cm 21.0pt 0cm;\"><span style=\"font-family: 'Arial',sans-serif; color: #444444;\">This boat is also available to book for charter with skipper. Contact us for a proposal!<\/span><\/p>\n<\/div>\n<div class=\"left\">\n<h3>Safe rentals<\/h3>\n<p>When you rent a boat from Nautilus Boat Club, fast support is always included.<br>\nShould any problem arise during your rental, we will come out and fix it on the spot.<\/p>\n<div class=\"left\">\n<p>&nbsp;<\/p>\n<\/div>\n<p>Down payment at 30% when booking. Residue 30 days before check-in.<br>\nBoating license and experience required<br>\nCheck-in from 10:00<br>\nCheck-out: at 15.00<br>\nAnimals and smoking not allowed<br>\nFree parking exists<br>\nBookable: 7-21 days<br>\nCancellation: 30 days in advance<br>\nAge limit: 25 years<br>\nDeposit\/deductible: 15.000kr<br>\nHarbor: Gustavsberg, V\u00e4rmd\u00f6<\/p>\n<p>&nbsp;<\/p>\n<\/div>\n<div class=\"right\">\n<h3>Equipment:<\/h3>\n<ul>\n<li>Landstr&ouml;msanslutning med laddare och 230V-uttag<\/li>\n<li>Raymarine plotter<\/li>\n<li>Autopilot<\/li>\n<li>Elektriskt ankarspel i f&ouml;ren<\/li>\n<li>Genua p&aring; rulle<\/li>\n<li>Hot water<\/li>\n<li>Peke med ihopf&auml;llbar stege<\/li>\n<li>Large cooler<\/li>\n<li>Gasolspis med 2 l&aring;gor och ugn<\/li>\n<li>Varmt och kallt tryckvatten vid diskb&auml;nk<\/li>\n<li>V&auml;rmare<\/li>\n<li>Komplett k&ouml;ksutrustning f&ouml;r 8 personer<\/li>\n<li>T&auml;cke och kudde f&ouml;r 6 personer<\/li>\n<\/ul>\n<p>&nbsp;<\/p>\n<\/div>\n<\/div>","protected":false},"excerpt":{"rendered":"<p>At least Yachtmaster Coastal certificate and good experience is required.<br>\nClick on the desired days for the current price.<\/p>","protected":false},"featured_media":4624,"template":"","meta":[],"product_cat":[19],"product_tag":[85],"class_list":{"0":"post-4622","1":"product","2":"type-product","3":"status-publish","4":"has-post-thumbnail","6":"product_cat-segelbatar","7":"product_tag-gustavsberg","9":"first","10":"instock","11":"virtual","12":"sold-individually","13":"taxable","14":"purchasable","15":"product-type-booking"},"yoast_head":"<!-- This site is optimized with the Yoast SEO Premium plugin v21.9 (Yoast SEO v21.9) - https:\/\/yoast.com\/wordpress\/plugins\/seo\/ -->\n<title>Hyr Jeanneau Sun Odyssey 51 - Nautilus Boat Club<\/title>\n<meta name=\"description\" content=\"Hyr Jeanneau Sun Odyssey 51 f\u00f6r en bekv\u00e4m och upplevelserik semestervecka! Nautilus Boat Club erbjuder ett m\u00e5ngsidigt och modern b\u00e5tliv.\" \/>\n<meta name=\"robots\" content=\"index, follow, max-snippet:-1, max-image-preview:large, max-video-preview:-1\" \/>\n<link rel=\"canonical\" href=\"https:\/\/staging.nautilus.se\/eng\/hyra-bat\/jeanneau-sun-odyssey-51-madonna\/\" \/>\n<meta property=\"og:locale\" content=\"en_US\" \/>\n<meta property=\"og:type\" content=\"article\" \/>\n<meta property=\"og:title\" content=\"Jeanneau Sun Odyssey 51\" \/>\n<meta property=\"og:description\" content=\"Hyr Jeanneau Sun Odyssey 51 f\u00f6r en bekv\u00e4m och upplevelserik semestervecka! Nautilus Boat Club erbjuder ett m\u00e5ngsidigt och modern b\u00e5tliv.\" \/>\n<meta property=\"og:url\" content=\"https:\/\/staging.nautilus.se\/eng\/hyra-bat\/jeanneau-sun-odyssey-51-madonna\/\" \/>\n<meta property=\"og:site_name\" content=\"StageSite\" \/>\n<meta property=\"article:publisher\" content=\"https:\/\/www.facebook.com\/nautilusboatclub\/\" \/>\n<meta property=\"article:modified_time\" content=\"2024-01-12T12:29:01+00:00\" \/>\n<meta property=\"og:image\" content=\"http:\/\/staging.nautilus.se\/wp-content\/uploads\/2021\/04\/Madonna-fra\u030an-sidan.jpg\" \/>\n\t<meta property=\"og:image:width\" content=\"1936\" \/>\n\t<meta property=\"og:image:height\" content=\"1288\" \/>\n\t<meta property=\"og:image:type\" content=\"image\/jpeg\" \/>\n<meta name=\"twitter:card\" content=\"summary_large_image\" \/>\n<meta name=\"twitter:label1\" content=\"Est. reading time\" \/>\n\t<meta name=\"twitter:data1\" content=\"2 minutes\" \/>\n<script type=\"application\/ld+json\" class=\"yoast-schema-graph\">{\"@context\":\"https:\/\/schema.org\",\"@graph\":[{\"@type\":\"WebPage\",\"@id\":\"http:\/\/staging.nautilus.se\/hyra-bat\/jeanneau-sun-odyssey-51-madonna\/\",\"url\":\"http:\/\/staging.nautilus.se\/hyra-bat\/jeanneau-sun-odyssey-51-madonna\/\",\"name\":\"Hyr Jeanneau Sun Odyssey 51 - Nautilus Boat Club\",\"isPartOf\":{\"@id\":\"https:\/\/staging.nautilus.se\/#website\"},\"datePublished\":\"2021-04-05T17:41:42+00:00\",\"dateModified\":\"2024-01-12T12:29:01+00:00\",\"description\":\"Hyr Jeanneau Sun Odyssey 51 f\u00f6r en bekv\u00e4m och upplevelserik semestervecka! Nautilus Boat Club erbjuder ett m\u00e5ngsidigt och modern b\u00e5tliv.\",\"breadcrumb\":{\"@id\":\"http:\/\/staging.nautilus.se\/hyra-bat\/jeanneau-sun-odyssey-51-madonna\/#breadcrumb\"},\"inLanguage\":\"en-US\",\"potentialAction\":[{\"@type\":\"ReadAction\",\"target\":[\"http:\/\/staging.nautilus.se\/hyra-bat\/jeanneau-sun-odyssey-51-madonna\/\"]}]},{\"@type\":\"BreadcrumbList\",\"@id\":\"http:\/\/staging.nautilus.se\/hyra-bat\/jeanneau-sun-odyssey-51-madonna\/#breadcrumb\",\"itemListElement\":[{\"@type\":\"ListItem\",\"position\":1,\"name\":\"Home\",\"item\":\"https:\/\/staging.nautilus.se\/\"},{\"@type\":\"ListItem\",\"position\":2,\"name\":\"Privat: Hyr b\u00e5t enkelt och tryggt\",\"item\":\"https:\/\/staging.nautilus.se\/?page_id=11273\"},{\"@type\":\"ListItem\",\"position\":3,\"name\":\"Jeanneau Sun Odyssey 51\"}]},{\"@type\":\"WebSite\",\"@id\":\"https:\/\/staging.nautilus.se\/#website\",\"url\":\"https:\/\/staging.nautilus.se\/\",\"name\":\"StageSite\",\"description\":\"Modernt och m\u00e5ngsidigt b\u00e5tliv\",\"publisher\":{\"@id\":\"https:\/\/staging.nautilus.se\/#organization\"},\"potentialAction\":[{\"@type\":\"SearchAction\",\"target\":{\"@type\":\"EntryPoint\",\"urlTemplate\":\"https:\/\/staging.nautilus.se\/?s={search_term_string}\"},\"query-input\":\"required name=search_term_string\"}],\"inLanguage\":\"en-US\"},{\"@type\":\"Organization\",\"@id\":\"https:\/\/staging.nautilus.se\/#organization\",\"name\":\"Nautilus Boat Club AB\",\"url\":\"https:\/\/staging.nautilus.se\/\",\"logo\":{\"@type\":\"ImageObject\",\"inLanguage\":\"en-US\",\"@id\":\"https:\/\/staging.nautilus.se\/#\/schema\/logo\/image\/\",\"url\":\"http:\/\/staging.nautilus.se\/wp-content\/uploads\/2022\/10\/Nautilus-shell-blue-back-w-logo.png\",\"contentUrl\":\"http:\/\/staging.nautilus.se\/wp-content\/uploads\/2022\/10\/Nautilus-shell-blue-back-w-logo.png\",\"width\":1755,\"height\":1130,\"caption\":\"Nautilus Boat Club AB\"},\"image\":{\"@id\":\"https:\/\/staging.nautilus.se\/#\/schema\/logo\/image\/\"},\"sameAs\":[\"https:\/\/www.facebook.com\/nautilusboatclub\/\",\"https:\/\/www.instagram.com\/nautilusboatclub\/\",\"https:\/\/www.linkedin.com\/company\/4998214\/admin\/\",\"https:\/\/www.youtube.com\/channel\/UCrhrs3yv-t72B5igMm2keKQ\/videos?app=desktop\"]}]}<\/script>\n<!-- \/ Yoast SEO Premium plugin. -->","yoast_head_json":{"title":"Hyr Jeanneau Sun Odyssey 51 - Nautilus Boat Club","description":"Hyr Jeanneau Sun Odyssey 51 f\u00f6r en bekv\u00e4m och upplevelserik semestervecka! Nautilus Boat Club erbjuder ett m\u00e5ngsidigt och modern b\u00e5tliv.","robots":{"index":"index","follow":"follow","max-snippet":"max-snippet:-1","max-image-preview":"max-image-preview:large","max-video-preview":"max-video-preview:-1"},"canonical":"https:\/\/staging.nautilus.se\/eng\/hyra-bat\/jeanneau-sun-odyssey-51-madonna\/","og_locale":"en_US","og_type":"article","og_title":"Jeanneau Sun Odyssey 51","og_description":"Hyr Jeanneau Sun Odyssey 51 f\u00f6r en bekv\u00e4m och upplevelserik semestervecka! Nautilus Boat Club erbjuder ett m\u00e5ngsidigt och modern b\u00e5tliv.","og_url":"https:\/\/staging.nautilus.se\/eng\/hyra-bat\/jeanneau-sun-odyssey-51-madonna\/","og_site_name":"StageSite","article_publisher":"https:\/\/www.facebook.com\/nautilusboatclub\/","article_modified_time":"2024-01-12T12:29:01+00:00","og_image":[{"width":1936,"height":1288,"url":"http:\/\/staging.nautilus.se\/wp-content\/uploads\/2021\/04\/Madonna-fra\u030an-sidan.jpg","type":"image\/jpeg"}],"twitter_card":"summary_large_image","twitter_misc":{"Est. reading time":"2 minutes"},"schema":{"@context":"https:\/\/schema.org","@graph":[{"@type":"WebPage","@id":"http:\/\/staging.nautilus.se\/hyra-bat\/jeanneau-sun-odyssey-51-madonna\/","url":"http:\/\/staging.nautilus.se\/hyra-bat\/jeanneau-sun-odyssey-51-madonna\/","name":"Hyr Jeanneau Sun Odyssey 51 - Nautilus Boat Club","isPartOf":{"@id":"https:\/\/staging.nautilus.se\/#website"},"datePublished":"2021-04-05T17:41:42+00:00","dateModified":"2024-01-12T12:29:01+00:00","description":"Hyr Jeanneau Sun Odyssey 51 f\u00f6r en bekv\u00e4m och upplevelserik semestervecka! Nautilus Boat Club erbjuder ett m\u00e5ngsidigt och modern b\u00e5tliv.","breadcrumb":{"@id":"http:\/\/staging.nautilus.se\/hyra-bat\/jeanneau-sun-odyssey-51-madonna\/#breadcrumb"},"inLanguage":"en-US","potentialAction":[{"@type":"ReadAction","target":["http:\/\/staging.nautilus.se\/hyra-bat\/jeanneau-sun-odyssey-51-madonna\/"]}]},{"@type":"BreadcrumbList","@id":"http:\/\/staging.nautilus.se\/hyra-bat\/jeanneau-sun-odyssey-51-madonna\/#breadcrumb","itemListElement":[{"@type":"ListItem","position":1,"name":"Home","item":"https:\/\/staging.nautilus.se\/"},{"@type":"ListItem","position":2,"name":"Privat: Hyr b\u00e5t enkelt och tryggt","item":"https:\/\/staging.nautilus.se\/?page_id=11273"},{"@type":"ListItem","position":3,"name":"Jeanneau Sun Odyssey 51"}]},{"@type":"WebSite","@id":"https:\/\/staging.nautilus.se\/#website","url":"https:\/\/staging.nautilus.se\/","name":"StageSite","description":"Modernt och m\u00e5ngsidigt b\u00e5tliv","publisher":{"@id":"https:\/\/staging.nautilus.se\/#organization"},"potentialAction":[{"@type":"SearchAction","target":{"@type":"EntryPoint","urlTemplate":"https:\/\/staging.nautilus.se\/?s={search_term_string}"},"query-input":"required name=search_term_string"}],"inLanguage":"en-US"},{"@type":"Organization","@id":"https:\/\/staging.nautilus.se\/#organization","name":"Nautilus Boat Club AB","url":"https:\/\/staging.nautilus.se\/","logo":{"@type":"ImageObject","inLanguage":"en-US","@id":"https:\/\/staging.nautilus.se\/#\/schema\/logo\/image\/","url":"http:\/\/staging.nautilus.se\/wp-content\/uploads\/2022\/10\/Nautilus-shell-blue-back-w-logo.png","contentUrl":"http:\/\/staging.nautilus.se\/wp-content\/uploads\/2022\/10\/Nautilus-shell-blue-back-w-logo.png","width":1755,"height":1130,"caption":"Nautilus Boat Club AB"},"image":{"@id":"https:\/\/staging.nautilus.se\/#\/schema\/logo\/image\/"},"sameAs":["https:\/\/www.facebook.com\/nautilusboatclub\/","https:\/\/www.instagram.com\/nautilusboatclub\/","https:\/\/www.linkedin.com\/company\/4998214\/admin\/","https:\/\/www.youtube.com\/channel\/UCrhrs3yv-t72B5igMm2keKQ\/videos?app=desktop"]}]}},"_links":{"self":[{"href":"https:\/\/staging.nautilus.se\/eng\/wp-json\/wp\/v2\/product\/4622","targetHints":{"allow":["GET"]}}],"collection":[{"href":"https:\/\/staging.nautilus.se\/eng\/wp-json\/wp\/v2\/product"}],"about":[{"href":"https:\/\/staging.nautilus.se\/eng\/wp-json\/wp\/v2\/types\/product"}],"wp:featuredmedia":[{"embeddable":true,"href":"https:\/\/staging.nautilus.se\/eng\/wp-json\/wp\/v2\/media\/4624"}],"wp:attachment":[{"href":"https:\/\/staging.nautilus.se\/eng\/wp-json\/wp\/v2\/media?parent=4622"}],"wp:term":[{"taxonomy":"product_cat","embeddable":true,"href":"https:\/\/staging.nautilus.se\/eng\/wp-json\/wp\/v2\/product_cat?post=4622"},{"taxonomy":"product_tag","embeddable":true,"href":"https:\/\/staging.nautilus.se\/eng\/wp-json\/wp\/v2\/product_tag?post=4622"}],"curies":[{"name":"wp","href":"https:\/\/api.w.org\/{rel}","templated":true}]}}