{"id":490,"date":"2020-06-23T05:46:18","date_gmt":"2020-06-23T04:46:18","guid":{"rendered":"http:\/\/staging.nautilus.se\/?post_type=product&#038;p=490"},"modified":"2024-01-15T13:33:21","modified_gmt":"2024-01-15T12:33:21","slug":"seafaring-34","status":"publish","type":"product","link":"https:\/\/staging.nautilus.se\/eng\/hyra-bat\/seafaring-34\/","title":{"rendered":"<p>Seafaring 34<\/p>"},"content":{"rendered":"<p>Rent Seafaring 34 and test the boating life of the future!<br>\nThe spaces and volume in this boat are unparalleled among boats of the same size. The boat has a semi-planing hull, which provides good operating economy. The salon is spacious and opens up completely to the aft deck. Most unique about this 34-footer, however, is that it has 3 cabins! with 6 real beds. It provides plenty of space for the whole family.<h3><\/h3><h3>Safe rentals<\/h3><p>When you rent a boat from Nautilus Boat Club, fast support is always included.<br>\nShould any problem arise during your rental, we will come out and fix it on the spot.<\/p><p>&nbsp;<\/p><p>Down payment at 30% when booking. Residue 30 days before check-in.<br>\nBoating license and experience required<br>\nCheck-in from 10:00<br>\nCheck-out: at 15.00<br>\nAnimals and smoking not allowed<br>\nFree parking exists<br>\nBookable: 2-14 days<br>\nCancellation: 30 days in advance<br>\nAge limit: 25 years<br>\nDeposit\/deductible: 15.000kr<br>\nHamn: Bulland&ouml; Marina, V&auml;rmd&ouml;<\/p><div class=\"left\">\n<p>&nbsp;<\/p>\n<\/div><div class=\"right\">\n<h3>Seafaring 34 is equipped with:<\/h3>\n<ul>\n<li>Synthetic teak on deck, aft deck and bathing platform<\/li>\n<li>Bow thruster<\/li>\n<li>Stern propeller<\/li>\n<li>windlass in bow with chain<\/li>\n<li>Ankarspel i aktern med lina<\/li>\n<li>Raymarin Axoim 12-gps<\/li>\n<li>VHF radio<\/li>\n<li>Solceller 360W<\/li>\n<li>Fusion stereo with speakers in salon and aft deck<\/li>\n<li>Kitchen with fridge, stove and pressurized water<\/li>\n<li>30 liters water heater<\/li>\n<li>Electric toilet<\/li>\n<li>Diesel heater with outputs in all spaces<\/li>\n<li>Land current with charger and 230V outlet<\/li>\n<li>Kitchen equipment for 8 people<\/li>\n<li>Blankets and pillows for 6 people<\/li>\n<\/ul>\n<p>&nbsp;<\/p>\n<p>&nbsp;<\/p>\n<\/div><\/p>","protected":false},"excerpt":{"rendered":"<p>Boating license and experience required<br>\nClick on the desired days for the current price.<\/p>","protected":false},"featured_media":2982,"template":"","meta":[],"product_cat":[18],"product_tag":[90],"class_list":{"0":"post-490","1":"product","2":"type-product","3":"status-publish","4":"has-post-thumbnail","6":"product_cat-motorbatar","7":"product_tag-bullando","9":"first","10":"instock","11":"virtual","12":"sold-individually","13":"purchasable","14":"product-type-booking"},"yoast_head":"<!-- This site is optimized with the Yoast SEO Premium plugin v21.9 (Yoast SEO v21.9) - https:\/\/yoast.com\/wordpress\/plugins\/seo\/ -->\n<title>Hyr eller dela moderna Seafaring 34 - Nautilus Boat Club<\/title>\n<meta name=\"description\" content=\"Hyr Seafaring 34 i Stockholm hos Nautilus Boat Club. Hyr eller dela b\u00e5t f\u00f6r ett enkelt och m\u00e5ngsidigt b\u00e5tliv.\" \/>\n<meta name=\"robots\" content=\"index, follow, max-snippet:-1, max-image-preview:large, max-video-preview:-1\" \/>\n<link rel=\"canonical\" href=\"https:\/\/staging.nautilus.se\/eng\/hyra-bat\/seafaring-34\/\" \/>\n<meta property=\"og:locale\" content=\"en_US\" \/>\n<meta property=\"og:type\" content=\"article\" \/>\n<meta property=\"og:title\" content=\"Seafaring 34\" \/>\n<meta property=\"og:description\" content=\"Hyr Seafaring 34 i Stockholm hos Nautilus Boat Club. Hyr eller dela b\u00e5t f\u00f6r ett enkelt och m\u00e5ngsidigt b\u00e5tliv.\" \/>\n<meta property=\"og:url\" content=\"https:\/\/staging.nautilus.se\/eng\/hyra-bat\/seafaring-34\/\" \/>\n<meta property=\"og:site_name\" content=\"StageSite\" \/>\n<meta property=\"article:publisher\" content=\"https:\/\/www.facebook.com\/nautilusboatclub\/\" \/>\n<meta property=\"article:modified_time\" content=\"2024-01-15T12:33:21+00:00\" \/>\n<meta property=\"og:image\" content=\"http:\/\/staging.nautilus.se\/wp-content\/uploads\/2020\/06\/BED17A20-10E4-44CF-8529-EC2D7A2B89DD-e1614952595886.jpg\" \/>\n\t<meta property=\"og:image:width\" content=\"2311\" \/>\n\t<meta property=\"og:image:height\" content=\"2311\" \/>\n\t<meta property=\"og:image:type\" content=\"image\/jpeg\" \/>\n<meta name=\"twitter:card\" content=\"summary_large_image\" \/>\n<meta name=\"twitter:label1\" content=\"Est. reading time\" \/>\n\t<meta name=\"twitter:data1\" content=\"2 minutes\" \/>\n<script type=\"application\/ld+json\" class=\"yoast-schema-graph\">{\"@context\":\"https:\/\/schema.org\",\"@graph\":[{\"@type\":\"WebPage\",\"@id\":\"http:\/\/staging.nautilus.se\/hyra-bat\/seafaring-34\/\",\"url\":\"http:\/\/staging.nautilus.se\/hyra-bat\/seafaring-34\/\",\"name\":\"Hyr eller dela moderna Seafaring 34 - Nautilus Boat Club\",\"isPartOf\":{\"@id\":\"https:\/\/staging.nautilus.se\/#website\"},\"datePublished\":\"2020-06-23T04:46:18+00:00\",\"dateModified\":\"2024-01-15T12:33:21+00:00\",\"description\":\"Hyr Seafaring 34 i Stockholm hos Nautilus Boat Club. Hyr eller dela b\u00e5t f\u00f6r ett enkelt och m\u00e5ngsidigt b\u00e5tliv.\",\"breadcrumb\":{\"@id\":\"http:\/\/staging.nautilus.se\/hyra-bat\/seafaring-34\/#breadcrumb\"},\"inLanguage\":\"en-US\",\"potentialAction\":[{\"@type\":\"ReadAction\",\"target\":[\"http:\/\/staging.nautilus.se\/hyra-bat\/seafaring-34\/\"]}]},{\"@type\":\"BreadcrumbList\",\"@id\":\"http:\/\/staging.nautilus.se\/hyra-bat\/seafaring-34\/#breadcrumb\",\"itemListElement\":[{\"@type\":\"ListItem\",\"position\":1,\"name\":\"Home\",\"item\":\"https:\/\/staging.nautilus.se\/\"},{\"@type\":\"ListItem\",\"position\":2,\"name\":\"Privat: Hyr b\u00e5t enkelt och tryggt\",\"item\":\"https:\/\/staging.nautilus.se\/?page_id=11273\"},{\"@type\":\"ListItem\",\"position\":3,\"name\":\"Seafaring 34\"}]},{\"@type\":\"WebSite\",\"@id\":\"https:\/\/staging.nautilus.se\/#website\",\"url\":\"https:\/\/staging.nautilus.se\/\",\"name\":\"StageSite\",\"description\":\"Modernt och m\u00e5ngsidigt b\u00e5tliv\",\"publisher\":{\"@id\":\"https:\/\/staging.nautilus.se\/#organization\"},\"potentialAction\":[{\"@type\":\"SearchAction\",\"target\":{\"@type\":\"EntryPoint\",\"urlTemplate\":\"https:\/\/staging.nautilus.se\/?s={search_term_string}\"},\"query-input\":\"required name=search_term_string\"}],\"inLanguage\":\"en-US\"},{\"@type\":\"Organization\",\"@id\":\"https:\/\/staging.nautilus.se\/#organization\",\"name\":\"Nautilus Boat Club AB\",\"url\":\"https:\/\/staging.nautilus.se\/\",\"logo\":{\"@type\":\"ImageObject\",\"inLanguage\":\"en-US\",\"@id\":\"https:\/\/staging.nautilus.se\/#\/schema\/logo\/image\/\",\"url\":\"http:\/\/staging.nautilus.se\/wp-content\/uploads\/2022\/10\/Nautilus-shell-blue-back-w-logo.png\",\"contentUrl\":\"http:\/\/staging.nautilus.se\/wp-content\/uploads\/2022\/10\/Nautilus-shell-blue-back-w-logo.png\",\"width\":1755,\"height\":1130,\"caption\":\"Nautilus Boat Club AB\"},\"image\":{\"@id\":\"https:\/\/staging.nautilus.se\/#\/schema\/logo\/image\/\"},\"sameAs\":[\"https:\/\/www.facebook.com\/nautilusboatclub\/\",\"https:\/\/www.instagram.com\/nautilusboatclub\/\",\"https:\/\/www.linkedin.com\/company\/4998214\/admin\/\",\"https:\/\/www.youtube.com\/channel\/UCrhrs3yv-t72B5igMm2keKQ\/videos?app=desktop\"]}]}<\/script>\n<!-- \/ Yoast SEO Premium plugin. -->","yoast_head_json":{"title":"Hyr eller dela moderna Seafaring 34 - Nautilus Boat Club","description":"Hyr Seafaring 34 i Stockholm hos Nautilus Boat Club. Hyr eller dela b\u00e5t f\u00f6r ett enkelt och m\u00e5ngsidigt b\u00e5tliv.","robots":{"index":"index","follow":"follow","max-snippet":"max-snippet:-1","max-image-preview":"max-image-preview:large","max-video-preview":"max-video-preview:-1"},"canonical":"https:\/\/staging.nautilus.se\/eng\/hyra-bat\/seafaring-34\/","og_locale":"en_US","og_type":"article","og_title":"Seafaring 34","og_description":"Hyr Seafaring 34 i Stockholm hos Nautilus Boat Club. Hyr eller dela b\u00e5t f\u00f6r ett enkelt och m\u00e5ngsidigt b\u00e5tliv.","og_url":"https:\/\/staging.nautilus.se\/eng\/hyra-bat\/seafaring-34\/","og_site_name":"StageSite","article_publisher":"https:\/\/www.facebook.com\/nautilusboatclub\/","article_modified_time":"2024-01-15T12:33:21+00:00","og_image":[{"width":2311,"height":2311,"url":"http:\/\/staging.nautilus.se\/wp-content\/uploads\/2020\/06\/BED17A20-10E4-44CF-8529-EC2D7A2B89DD-e1614952595886.jpg","type":"image\/jpeg"}],"twitter_card":"summary_large_image","twitter_misc":{"Est. reading time":"2 minutes"},"schema":{"@context":"https:\/\/schema.org","@graph":[{"@type":"WebPage","@id":"http:\/\/staging.nautilus.se\/hyra-bat\/seafaring-34\/","url":"http:\/\/staging.nautilus.se\/hyra-bat\/seafaring-34\/","name":"Hyr eller dela moderna Seafaring 34 - Nautilus Boat Club","isPartOf":{"@id":"https:\/\/staging.nautilus.se\/#website"},"datePublished":"2020-06-23T04:46:18+00:00","dateModified":"2024-01-15T12:33:21+00:00","description":"Hyr Seafaring 34 i Stockholm hos Nautilus Boat Club. Hyr eller dela b\u00e5t f\u00f6r ett enkelt och m\u00e5ngsidigt b\u00e5tliv.","breadcrumb":{"@id":"http:\/\/staging.nautilus.se\/hyra-bat\/seafaring-34\/#breadcrumb"},"inLanguage":"en-US","potentialAction":[{"@type":"ReadAction","target":["http:\/\/staging.nautilus.se\/hyra-bat\/seafaring-34\/"]}]},{"@type":"BreadcrumbList","@id":"http:\/\/staging.nautilus.se\/hyra-bat\/seafaring-34\/#breadcrumb","itemListElement":[{"@type":"ListItem","position":1,"name":"Home","item":"https:\/\/staging.nautilus.se\/"},{"@type":"ListItem","position":2,"name":"Privat: Hyr b\u00e5t enkelt och tryggt","item":"https:\/\/staging.nautilus.se\/?page_id=11273"},{"@type":"ListItem","position":3,"name":"Seafaring 34"}]},{"@type":"WebSite","@id":"https:\/\/staging.nautilus.se\/#website","url":"https:\/\/staging.nautilus.se\/","name":"StageSite","description":"Modernt och m\u00e5ngsidigt b\u00e5tliv","publisher":{"@id":"https:\/\/staging.nautilus.se\/#organization"},"potentialAction":[{"@type":"SearchAction","target":{"@type":"EntryPoint","urlTemplate":"https:\/\/staging.nautilus.se\/?s={search_term_string}"},"query-input":"required name=search_term_string"}],"inLanguage":"en-US"},{"@type":"Organization","@id":"https:\/\/staging.nautilus.se\/#organization","name":"Nautilus Boat Club AB","url":"https:\/\/staging.nautilus.se\/","logo":{"@type":"ImageObject","inLanguage":"en-US","@id":"https:\/\/staging.nautilus.se\/#\/schema\/logo\/image\/","url":"http:\/\/staging.nautilus.se\/wp-content\/uploads\/2022\/10\/Nautilus-shell-blue-back-w-logo.png","contentUrl":"http:\/\/staging.nautilus.se\/wp-content\/uploads\/2022\/10\/Nautilus-shell-blue-back-w-logo.png","width":1755,"height":1130,"caption":"Nautilus Boat Club AB"},"image":{"@id":"https:\/\/staging.nautilus.se\/#\/schema\/logo\/image\/"},"sameAs":["https:\/\/www.facebook.com\/nautilusboatclub\/","https:\/\/www.instagram.com\/nautilusboatclub\/","https:\/\/www.linkedin.com\/company\/4998214\/admin\/","https:\/\/www.youtube.com\/channel\/UCrhrs3yv-t72B5igMm2keKQ\/videos?app=desktop"]}]}},"_links":{"self":[{"href":"https:\/\/staging.nautilus.se\/eng\/wp-json\/wp\/v2\/product\/490","targetHints":{"allow":["GET"]}}],"collection":[{"href":"https:\/\/staging.nautilus.se\/eng\/wp-json\/wp\/v2\/product"}],"about":[{"href":"https:\/\/staging.nautilus.se\/eng\/wp-json\/wp\/v2\/types\/product"}],"wp:featuredmedia":[{"embeddable":true,"href":"https:\/\/staging.nautilus.se\/eng\/wp-json\/wp\/v2\/media\/2982"}],"wp:attachment":[{"href":"https:\/\/staging.nautilus.se\/eng\/wp-json\/wp\/v2\/media?parent=490"}],"wp:term":[{"taxonomy":"product_cat","embeddable":true,"href":"https:\/\/staging.nautilus.se\/eng\/wp-json\/wp\/v2\/product_cat?post=490"},{"taxonomy":"product_tag","embeddable":true,"href":"https:\/\/staging.nautilus.se\/eng\/wp-json\/wp\/v2\/product_tag?post=490"}],"curies":[{"name":"wp","href":"https:\/\/api.w.org\/{rel}","templated":true}]}}