{"id":657,"date":"2020-07-01T13:46:22","date_gmt":"2020-07-01T12:46:22","guid":{"rendered":"http:\/\/staging.nautilus.se\/?post_type=product&#038;p=657"},"modified":"2023-09-11T12:42:05","modified_gmt":"2023-09-11T11:42:05","slug":"hyr-antila-27","status":"publish","type":"product","link":"https:\/\/staging.nautilus.se\/eng\/hyra-bat\/hyr-antila-27\/","title":{"rendered":"<p>Antila 27<\/p>"},"content":{"rendered":"<div class=\"container\">\n<div class=\"left\">\n<p>The Antila 27 is a boat that offers fantastic spaces for its size. Down in the salon, 6 people can comfortably fit around the table and the boat's toilet is as spacious as on a 35-footer. Across the toilet, to the port side of the descent stairs is the boat's L-shaped galley, which is equipped with full kitchen equipment. Sleeping is done comfortably in the double berths in the forward and aft cabins. The sailing characteristics of the Antila 27 are safe, well-balanced and she offers good speed and carries the sails nicely a good bit upwind. Additional amenities such as furling jib, spray hood and heater are also available on board.<br>\nWelcome to rent a smaller sailboat with large spaces!<\/p>\n<h3>Safe rentals<\/h3>\n<p>When you rent a boat from Nautilus Boat Club, fast support is always included.<br>\nShould any problem arise during your rental, we will come out and fix it on the spot.<\/p>\n<div class=\"left\">\n<p>&nbsp;<\/p>\n<\/div>\n<p>Boating license and experience required<br>\nCheck-in from 10:00<br>\nCheck-out: at 15.00<br>\nAnimals and smoking not allowed<br>\nFree parking exists<br>\nBokningsbar: 3-7 dagar<br>\nCancellation: 30 days in advance<br>\nAge limit: 20 years<br>\nDeposit\/deductible: 10.000kr<br>\nHarbor: Gustavsberg, V\u00e4rmd\u00f6<\/p>\n<\/div>\n<div class=\"right\">\n<h3>Equipment:<\/h3>\n<ul>\n<li>Furling jib<\/li>\n<li>Fullatte main with lazy bag<\/li>\n<li>Spray hood<\/li>\n<li>Simrad Vulcan 7 plotter<\/li>\n<li>Wind instrument in the plotter<\/li>\n<li>12V- socket in the cabin and cockpit<\/li>\n<li>Dieselv&auml;rmare i ruffen<\/li>\n<li>Landstr&ouml;msanslutning och 220V uttag i salongen<\/li>\n<li>50W solar cell<\/li>\n<li>Gas cooker with oven<\/li>\n<li>Large cooler<\/li>\n<li>Toilet with septic tank<\/li>\n<li>B&aring;tsportkort &ouml;ver Stockholm<\/li>\n<li>Flytv&auml;star<\/li>\n<li>Fendrar, b&aring;tshake, tampar, ankare och bergskilar<\/li>\n<li>All k&ouml;ksutrustning f&ouml;r 4 personer<\/li>\n<li>T&auml;cken och kuddar f&ouml;r 4 personer<\/li>\n<\/ul>\n<\/div>\n<\/div>","protected":false},"excerpt":{"rendered":"<p>Boating license and experience required<br>\nGustavsbergs g&auml;sthamn, V&auml;rmd&ouml;<\/p>","protected":false},"featured_media":658,"template":"","meta":[],"product_cat":[19],"product_tag":[85],"class_list":{"0":"post-657","1":"product","2":"type-product","3":"status-publish","4":"has-post-thumbnail","6":"product_cat-segelbatar","7":"product_tag-gustavsberg","9":"first","10":"instock","11":"virtual","12":"sold-individually","13":"purchasable","14":"product-type-booking"},"yoast_head":"<!-- This site is optimized with the Yoast SEO Premium plugin v21.9 (Yoast SEO v21.9) - https:\/\/yoast.com\/wordpress\/plugins\/seo\/ -->\n<title>Hyr enkelt en segelb\u00e5t Antila 27 - Nautilus Boat Club<\/title>\n<meta name=\"description\" content=\"Hyr Antila 27 f\u00f6r en bekv\u00e4m och uppleveserik semestervecka! Nautilus Boat Club erbjuder ett m\u00e5ngsidigt och modern b\u00e5tliv.\" \/>\n<meta name=\"robots\" content=\"index, follow, max-snippet:-1, max-image-preview:large, max-video-preview:-1\" \/>\n<link rel=\"canonical\" href=\"https:\/\/staging.nautilus.se\/eng\/hyra-bat\/hyr-antila-27\/\" \/>\n<meta property=\"og:locale\" content=\"en_US\" \/>\n<meta property=\"og:type\" content=\"article\" \/>\n<meta property=\"og:title\" content=\"Antila 27\" \/>\n<meta property=\"og:description\" content=\"Hyr Antila 27 f\u00f6r en bekv\u00e4m och uppleveserik semestervecka! Nautilus Boat Club erbjuder ett m\u00e5ngsidigt och modern b\u00e5tliv.\" \/>\n<meta property=\"og:url\" content=\"https:\/\/staging.nautilus.se\/eng\/hyra-bat\/hyr-antila-27\/\" \/>\n<meta property=\"og:site_name\" content=\"StageSite\" \/>\n<meta property=\"article:publisher\" content=\"https:\/\/www.facebook.com\/nautilusboatclub\/\" \/>\n<meta property=\"article:modified_time\" content=\"2023-09-11T11:42:05+00:00\" \/>\n<meta property=\"og:image\" content=\"http:\/\/staging.nautilus.se\/wp-content\/uploads\/2020\/07\/62.jpg\" \/>\n\t<meta property=\"og:image:width\" content=\"800\" \/>\n\t<meta property=\"og:image:height\" content=\"800\" \/>\n\t<meta property=\"og:image:type\" content=\"image\/jpeg\" \/>\n<meta name=\"twitter:card\" content=\"summary_large_image\" \/>\n<meta name=\"twitter:label1\" content=\"Est. reading time\" \/>\n\t<meta name=\"twitter:data1\" content=\"2 minutes\" \/>\n<script type=\"application\/ld+json\" class=\"yoast-schema-graph\">{\"@context\":\"https:\/\/schema.org\",\"@graph\":[{\"@type\":\"WebPage\",\"@id\":\"http:\/\/staging.nautilus.se\/hyra-bat\/hyr-antila-27\/\",\"url\":\"http:\/\/staging.nautilus.se\/hyra-bat\/hyr-antila-27\/\",\"name\":\"Hyr enkelt en segelb\u00e5t Antila 27 - Nautilus Boat Club\",\"isPartOf\":{\"@id\":\"https:\/\/staging.nautilus.se\/#website\"},\"datePublished\":\"2020-07-01T12:46:22+00:00\",\"dateModified\":\"2023-09-11T11:42:05+00:00\",\"description\":\"Hyr Antila 27 f\u00f6r en bekv\u00e4m och uppleveserik semestervecka! Nautilus Boat Club erbjuder ett m\u00e5ngsidigt och modern b\u00e5tliv.\",\"breadcrumb\":{\"@id\":\"http:\/\/staging.nautilus.se\/hyra-bat\/hyr-antila-27\/#breadcrumb\"},\"inLanguage\":\"en-US\",\"potentialAction\":[{\"@type\":\"ReadAction\",\"target\":[\"http:\/\/staging.nautilus.se\/hyra-bat\/hyr-antila-27\/\"]}]},{\"@type\":\"BreadcrumbList\",\"@id\":\"http:\/\/staging.nautilus.se\/hyra-bat\/hyr-antila-27\/#breadcrumb\",\"itemListElement\":[{\"@type\":\"ListItem\",\"position\":1,\"name\":\"Home\",\"item\":\"https:\/\/staging.nautilus.se\/\"},{\"@type\":\"ListItem\",\"position\":2,\"name\":\"Privat: Hyr b\u00e5t enkelt och tryggt\",\"item\":\"https:\/\/staging.nautilus.se\/?page_id=11273\"},{\"@type\":\"ListItem\",\"position\":3,\"name\":\"Antila 27\"}]},{\"@type\":\"WebSite\",\"@id\":\"https:\/\/staging.nautilus.se\/#website\",\"url\":\"https:\/\/staging.nautilus.se\/\",\"name\":\"StageSite\",\"description\":\"Modernt och m\u00e5ngsidigt b\u00e5tliv\",\"publisher\":{\"@id\":\"https:\/\/staging.nautilus.se\/#organization\"},\"potentialAction\":[{\"@type\":\"SearchAction\",\"target\":{\"@type\":\"EntryPoint\",\"urlTemplate\":\"https:\/\/staging.nautilus.se\/?s={search_term_string}\"},\"query-input\":\"required name=search_term_string\"}],\"inLanguage\":\"en-US\"},{\"@type\":\"Organization\",\"@id\":\"https:\/\/staging.nautilus.se\/#organization\",\"name\":\"Nautilus Boat Club AB\",\"url\":\"https:\/\/staging.nautilus.se\/\",\"logo\":{\"@type\":\"ImageObject\",\"inLanguage\":\"en-US\",\"@id\":\"https:\/\/staging.nautilus.se\/#\/schema\/logo\/image\/\",\"url\":\"http:\/\/staging.nautilus.se\/wp-content\/uploads\/2022\/10\/Nautilus-shell-blue-back-w-logo.png\",\"contentUrl\":\"http:\/\/staging.nautilus.se\/wp-content\/uploads\/2022\/10\/Nautilus-shell-blue-back-w-logo.png\",\"width\":1755,\"height\":1130,\"caption\":\"Nautilus Boat Club AB\"},\"image\":{\"@id\":\"https:\/\/staging.nautilus.se\/#\/schema\/logo\/image\/\"},\"sameAs\":[\"https:\/\/www.facebook.com\/nautilusboatclub\/\",\"https:\/\/www.instagram.com\/nautilusboatclub\/\",\"https:\/\/www.linkedin.com\/company\/4998214\/admin\/\",\"https:\/\/www.youtube.com\/channel\/UCrhrs3yv-t72B5igMm2keKQ\/videos?app=desktop\"]}]}<\/script>\n<!-- \/ Yoast SEO Premium plugin. -->","yoast_head_json":{"title":"Hyr enkelt en segelb\u00e5t Antila 27 - Nautilus Boat Club","description":"Hyr Antila 27 f\u00f6r en bekv\u00e4m och uppleveserik semestervecka! Nautilus Boat Club erbjuder ett m\u00e5ngsidigt och modern b\u00e5tliv.","robots":{"index":"index","follow":"follow","max-snippet":"max-snippet:-1","max-image-preview":"max-image-preview:large","max-video-preview":"max-video-preview:-1"},"canonical":"https:\/\/staging.nautilus.se\/eng\/hyra-bat\/hyr-antila-27\/","og_locale":"en_US","og_type":"article","og_title":"Antila 27","og_description":"Hyr Antila 27 f\u00f6r en bekv\u00e4m och uppleveserik semestervecka! Nautilus Boat Club erbjuder ett m\u00e5ngsidigt och modern b\u00e5tliv.","og_url":"https:\/\/staging.nautilus.se\/eng\/hyra-bat\/hyr-antila-27\/","og_site_name":"StageSite","article_publisher":"https:\/\/www.facebook.com\/nautilusboatclub\/","article_modified_time":"2023-09-11T11:42:05+00:00","og_image":[{"width":800,"height":800,"url":"http:\/\/staging.nautilus.se\/wp-content\/uploads\/2020\/07\/62.jpg","type":"image\/jpeg"}],"twitter_card":"summary_large_image","twitter_misc":{"Est. reading time":"2 minutes"},"schema":{"@context":"https:\/\/schema.org","@graph":[{"@type":"WebPage","@id":"http:\/\/staging.nautilus.se\/hyra-bat\/hyr-antila-27\/","url":"http:\/\/staging.nautilus.se\/hyra-bat\/hyr-antila-27\/","name":"Hyr enkelt en segelb\u00e5t Antila 27 - Nautilus Boat Club","isPartOf":{"@id":"https:\/\/staging.nautilus.se\/#website"},"datePublished":"2020-07-01T12:46:22+00:00","dateModified":"2023-09-11T11:42:05+00:00","description":"Hyr Antila 27 f\u00f6r en bekv\u00e4m och uppleveserik semestervecka! Nautilus Boat Club erbjuder ett m\u00e5ngsidigt och modern b\u00e5tliv.","breadcrumb":{"@id":"http:\/\/staging.nautilus.se\/hyra-bat\/hyr-antila-27\/#breadcrumb"},"inLanguage":"en-US","potentialAction":[{"@type":"ReadAction","target":["http:\/\/staging.nautilus.se\/hyra-bat\/hyr-antila-27\/"]}]},{"@type":"BreadcrumbList","@id":"http:\/\/staging.nautilus.se\/hyra-bat\/hyr-antila-27\/#breadcrumb","itemListElement":[{"@type":"ListItem","position":1,"name":"Home","item":"https:\/\/staging.nautilus.se\/"},{"@type":"ListItem","position":2,"name":"Privat: Hyr b\u00e5t enkelt och tryggt","item":"https:\/\/staging.nautilus.se\/?page_id=11273"},{"@type":"ListItem","position":3,"name":"Antila 27"}]},{"@type":"WebSite","@id":"https:\/\/staging.nautilus.se\/#website","url":"https:\/\/staging.nautilus.se\/","name":"StageSite","description":"Modernt och m\u00e5ngsidigt b\u00e5tliv","publisher":{"@id":"https:\/\/staging.nautilus.se\/#organization"},"potentialAction":[{"@type":"SearchAction","target":{"@type":"EntryPoint","urlTemplate":"https:\/\/staging.nautilus.se\/?s={search_term_string}"},"query-input":"required name=search_term_string"}],"inLanguage":"en-US"},{"@type":"Organization","@id":"https:\/\/staging.nautilus.se\/#organization","name":"Nautilus Boat Club AB","url":"https:\/\/staging.nautilus.se\/","logo":{"@type":"ImageObject","inLanguage":"en-US","@id":"https:\/\/staging.nautilus.se\/#\/schema\/logo\/image\/","url":"http:\/\/staging.nautilus.se\/wp-content\/uploads\/2022\/10\/Nautilus-shell-blue-back-w-logo.png","contentUrl":"http:\/\/staging.nautilus.se\/wp-content\/uploads\/2022\/10\/Nautilus-shell-blue-back-w-logo.png","width":1755,"height":1130,"caption":"Nautilus Boat Club AB"},"image":{"@id":"https:\/\/staging.nautilus.se\/#\/schema\/logo\/image\/"},"sameAs":["https:\/\/www.facebook.com\/nautilusboatclub\/","https:\/\/www.instagram.com\/nautilusboatclub\/","https:\/\/www.linkedin.com\/company\/4998214\/admin\/","https:\/\/www.youtube.com\/channel\/UCrhrs3yv-t72B5igMm2keKQ\/videos?app=desktop"]}]}},"_links":{"self":[{"href":"https:\/\/staging.nautilus.se\/eng\/wp-json\/wp\/v2\/product\/657","targetHints":{"allow":["GET"]}}],"collection":[{"href":"https:\/\/staging.nautilus.se\/eng\/wp-json\/wp\/v2\/product"}],"about":[{"href":"https:\/\/staging.nautilus.se\/eng\/wp-json\/wp\/v2\/types\/product"}],"wp:featuredmedia":[{"embeddable":true,"href":"https:\/\/staging.nautilus.se\/eng\/wp-json\/wp\/v2\/media\/658"}],"wp:attachment":[{"href":"https:\/\/staging.nautilus.se\/eng\/wp-json\/wp\/v2\/media?parent=657"}],"wp:term":[{"taxonomy":"product_cat","embeddable":true,"href":"https:\/\/staging.nautilus.se\/eng\/wp-json\/wp\/v2\/product_cat?post=657"},{"taxonomy":"product_tag","embeddable":true,"href":"https:\/\/staging.nautilus.se\/eng\/wp-json\/wp\/v2\/product_tag?post=657"}],"curies":[{"name":"wp","href":"https:\/\/api.w.org\/{rel}","templated":true}]}}