{"id":671,"date":"2020-07-01T14:54:51","date_gmt":"2020-07-01T13:54:51","guid":{"rendered":"http:\/\/staging.nautilus.se\/?post_type=product&#038;p=671"},"modified":"2024-01-09T16:02:29","modified_gmt":"2024-01-09T15:02:29","slug":"hyr-hanse-315","status":"publish","type":"product","link":"https:\/\/staging.nautilus.se\/eng\/hyra-bat\/hyr-hanse-315\/","title":{"rendered":"<p>Hanse 315<\/p>"},"content":{"rendered":"<div class=\"container\">\n<div class=\"left\">\n<p>Hanse 315 offers fantastically spacious spaces and everything the family or friends could possibly need for a first-class holiday on the lake. There are two generous cabins with double berths and a toilet with hot water and shower. The sofa group in the lounge can accommodate 6 people and there is a stereo with Bluetooth connection. The boat's cockpit is larger than most boats of the same size and offers plenty of room for several people. The Hanse 315 is easy to handle and has a self-tacking furling jib, it fits most sailors and is thus the perfect family cruiser. Here there is the possibility to sail shorter excursions or longer tours.<\/p>\n<p>&nbsp;<\/p>\n<div class=\"left\">\n<h3>Safe rentals<\/h3>\n<p>When you rent a boat from Nautilus Boat Club, fast support is always included.<br>\nShould any problem arise during your rental, we will come out and fix it on the spot.<\/p>\n<div class=\"left\">\n<p>&nbsp;<\/p>\n<\/div>\n<p>Down payment at 30% when booking. Residue 30 days before check-in.<br>\nBoating license and experience required<br>\nCheck-in from 10:00<br>\nCheck-out: at 15.00<br>\nAnimals and smoking not allowed<br>\nFree parking exists<br>\nBookable: 5-21 days<br>\nCancellation: 30 days in advance<br>\nAge limit: 25 years<br>\nDeposit\/deductible: 10.000kr<br>\nHamn: Bulland&ouml; Marina, V&auml;rmd&ouml;<\/p>\n<p>&nbsp;<\/p>\n<\/div>\n<\/div>\n<div class=\"container\">\n<div class=\"right\">\n<h3>Equipment:<\/h3>\n<ul>\n<li>Elvstr&ouml;m Laminatsegel<\/li>\n<li>Sj&auml;lvsl&aring;ende rull-fock<\/li>\n<li>Point with ladder<\/li>\n<li>Spray hood<\/li>\n<li>B&amp;G 7&Prime; plotter<\/li>\n<li>B&amp;G autopilot<\/li>\n<li>B&amp;G wind instrument<\/li>\n<li>B&amp;G log and sonar<\/li>\n<li>Landstr&ouml;m med laddning<\/li>\n<li>12V and 220V sockets<\/li>\n<li>Webasto-v&auml;rmare<\/li>\n<li>22 inch smart TV<\/li>\n<li>Fusion stereo with Bluetooth connection<\/li>\n<li>Gas cooker with oven<\/li>\n<li>Cooler box<\/li>\n<li>Toilet with septic tank<\/li>\n<li>Dusch p&aring; toalett med varmvatten<\/li>\n<li>Shower with hot water in the cockpit<\/li>\n<li>B&aring;tsportkort<\/li>\n<li>Flytv&auml;star<\/li>\n<li>Fendrar, b&aring;tshake, tampar, ankare och bergskilar<\/li>\n<li>All k&ouml;ksutrustning<\/li>\n<li>T&auml;cken och kuddar f&ouml;r 4 personer<\/li>\n<\/ul>\n<\/div>\n<\/div><\/div>","protected":false},"excerpt":{"rendered":"<p>Boating license and experience required<br>\nClick on the desired days for the current price.<\/p>","protected":false},"featured_media":13237,"template":"","meta":[],"product_cat":[19],"product_tag":[90],"class_list":{"0":"post-671","1":"product","2":"type-product","3":"status-publish","4":"has-post-thumbnail","6":"product_cat-segelbatar","7":"product_tag-bullando","9":"first","10":"instock","11":"virtual","12":"sold-individually","13":"taxable","14":"purchasable","15":"product-type-booking"},"yoast_head":"<!-- This site is optimized with the Yoast SEO Premium plugin v21.9 (Yoast SEO v21.9) - https:\/\/yoast.com\/wordpress\/plugins\/seo\/ -->\n<title>Hyr segelb\u00e5t f\u00f6r semestern Hanse 315 - Nautilus Boat Club<\/title>\n<meta name=\"description\" content=\"Hyr Hanse 315 f\u00f6r en bekv\u00e4m och uppleveserik semestervecka! Nautilus Boat Club erbjuder ett m\u00e5ngsidigt och modern b\u00e5tliv.\" \/>\n<meta name=\"robots\" content=\"index, follow, max-snippet:-1, max-image-preview:large, max-video-preview:-1\" \/>\n<link rel=\"canonical\" href=\"https:\/\/staging.nautilus.se\/eng\/hyra-bat\/hyr-hanse-315\/\" \/>\n<meta property=\"og:locale\" content=\"en_US\" \/>\n<meta property=\"og:type\" content=\"article\" \/>\n<meta property=\"og:title\" content=\"Hanse 315\" \/>\n<meta property=\"og:description\" content=\"Hyr Hanse 315 f\u00f6r en bekv\u00e4m och uppleveserik semestervecka! Nautilus Boat Club erbjuder ett m\u00e5ngsidigt och modern b\u00e5tliv.\" \/>\n<meta property=\"og:url\" content=\"https:\/\/staging.nautilus.se\/eng\/hyra-bat\/hyr-hanse-315\/\" \/>\n<meta property=\"og:site_name\" content=\"StageSite\" \/>\n<meta property=\"article:publisher\" content=\"https:\/\/www.facebook.com\/nautilusboatclub\/\" \/>\n<meta property=\"article:modified_time\" content=\"2024-01-09T15:02:29+00:00\" \/>\n<meta property=\"og:image\" content=\"http:\/\/staging.nautilus.se\/wp-content\/uploads\/2022\/02\/Hanse-315-seglar-scaled.jpg\" \/>\n\t<meta property=\"og:image:width\" content=\"2560\" \/>\n\t<meta property=\"og:image:height\" content=\"1707\" \/>\n\t<meta property=\"og:image:type\" content=\"image\/jpeg\" \/>\n<meta name=\"twitter:card\" content=\"summary_large_image\" \/>\n<meta name=\"twitter:label1\" content=\"Est. reading time\" \/>\n\t<meta name=\"twitter:data1\" content=\"2 minutes\" \/>\n<script type=\"application\/ld+json\" class=\"yoast-schema-graph\">{\"@context\":\"https:\/\/schema.org\",\"@graph\":[{\"@type\":\"WebPage\",\"@id\":\"http:\/\/staging.nautilus.se\/hyra-bat\/hyr-hanse-315\/\",\"url\":\"http:\/\/staging.nautilus.se\/hyra-bat\/hyr-hanse-315\/\",\"name\":\"Hyr segelb\u00e5t f\u00f6r semestern Hanse 315 - Nautilus Boat Club\",\"isPartOf\":{\"@id\":\"https:\/\/staging.nautilus.se\/#website\"},\"datePublished\":\"2020-07-01T13:54:51+00:00\",\"dateModified\":\"2024-01-09T15:02:29+00:00\",\"description\":\"Hyr Hanse 315 f\u00f6r en bekv\u00e4m och uppleveserik semestervecka! Nautilus Boat Club erbjuder ett m\u00e5ngsidigt och modern b\u00e5tliv.\",\"breadcrumb\":{\"@id\":\"http:\/\/staging.nautilus.se\/hyra-bat\/hyr-hanse-315\/#breadcrumb\"},\"inLanguage\":\"en-US\",\"potentialAction\":[{\"@type\":\"ReadAction\",\"target\":[\"http:\/\/staging.nautilus.se\/hyra-bat\/hyr-hanse-315\/\"]}]},{\"@type\":\"BreadcrumbList\",\"@id\":\"http:\/\/staging.nautilus.se\/hyra-bat\/hyr-hanse-315\/#breadcrumb\",\"itemListElement\":[{\"@type\":\"ListItem\",\"position\":1,\"name\":\"Home\",\"item\":\"https:\/\/staging.nautilus.se\/\"},{\"@type\":\"ListItem\",\"position\":2,\"name\":\"Privat: Hyr b\u00e5t enkelt och tryggt\",\"item\":\"https:\/\/staging.nautilus.se\/?page_id=11273\"},{\"@type\":\"ListItem\",\"position\":3,\"name\":\"Hanse 315\"}]},{\"@type\":\"WebSite\",\"@id\":\"https:\/\/staging.nautilus.se\/#website\",\"url\":\"https:\/\/staging.nautilus.se\/\",\"name\":\"StageSite\",\"description\":\"Modernt och m\u00e5ngsidigt b\u00e5tliv\",\"publisher\":{\"@id\":\"https:\/\/staging.nautilus.se\/#organization\"},\"potentialAction\":[{\"@type\":\"SearchAction\",\"target\":{\"@type\":\"EntryPoint\",\"urlTemplate\":\"https:\/\/staging.nautilus.se\/?s={search_term_string}\"},\"query-input\":\"required name=search_term_string\"}],\"inLanguage\":\"en-US\"},{\"@type\":\"Organization\",\"@id\":\"https:\/\/staging.nautilus.se\/#organization\",\"name\":\"Nautilus Boat Club AB\",\"url\":\"https:\/\/staging.nautilus.se\/\",\"logo\":{\"@type\":\"ImageObject\",\"inLanguage\":\"en-US\",\"@id\":\"https:\/\/staging.nautilus.se\/#\/schema\/logo\/image\/\",\"url\":\"http:\/\/staging.nautilus.se\/wp-content\/uploads\/2022\/10\/Nautilus-shell-blue-back-w-logo.png\",\"contentUrl\":\"http:\/\/staging.nautilus.se\/wp-content\/uploads\/2022\/10\/Nautilus-shell-blue-back-w-logo.png\",\"width\":1755,\"height\":1130,\"caption\":\"Nautilus Boat Club AB\"},\"image\":{\"@id\":\"https:\/\/staging.nautilus.se\/#\/schema\/logo\/image\/\"},\"sameAs\":[\"https:\/\/www.facebook.com\/nautilusboatclub\/\",\"https:\/\/www.instagram.com\/nautilusboatclub\/\",\"https:\/\/www.linkedin.com\/company\/4998214\/admin\/\",\"https:\/\/www.youtube.com\/channel\/UCrhrs3yv-t72B5igMm2keKQ\/videos?app=desktop\"]}]}<\/script>\n<!-- \/ Yoast SEO Premium plugin. -->","yoast_head_json":{"title":"Hyr segelb\u00e5t f\u00f6r semestern Hanse 315 - Nautilus Boat Club","description":"Hyr Hanse 315 f\u00f6r en bekv\u00e4m och uppleveserik semestervecka! Nautilus Boat Club erbjuder ett m\u00e5ngsidigt och modern b\u00e5tliv.","robots":{"index":"index","follow":"follow","max-snippet":"max-snippet:-1","max-image-preview":"max-image-preview:large","max-video-preview":"max-video-preview:-1"},"canonical":"https:\/\/staging.nautilus.se\/eng\/hyra-bat\/hyr-hanse-315\/","og_locale":"en_US","og_type":"article","og_title":"Hanse 315","og_description":"Hyr Hanse 315 f\u00f6r en bekv\u00e4m och uppleveserik semestervecka! Nautilus Boat Club erbjuder ett m\u00e5ngsidigt och modern b\u00e5tliv.","og_url":"https:\/\/staging.nautilus.se\/eng\/hyra-bat\/hyr-hanse-315\/","og_site_name":"StageSite","article_publisher":"https:\/\/www.facebook.com\/nautilusboatclub\/","article_modified_time":"2024-01-09T15:02:29+00:00","og_image":[{"width":2560,"height":1707,"url":"http:\/\/staging.nautilus.se\/wp-content\/uploads\/2022\/02\/Hanse-315-seglar-scaled.jpg","type":"image\/jpeg"}],"twitter_card":"summary_large_image","twitter_misc":{"Est. reading time":"2 minutes"},"schema":{"@context":"https:\/\/schema.org","@graph":[{"@type":"WebPage","@id":"http:\/\/staging.nautilus.se\/hyra-bat\/hyr-hanse-315\/","url":"http:\/\/staging.nautilus.se\/hyra-bat\/hyr-hanse-315\/","name":"Hyr segelb\u00e5t f\u00f6r semestern Hanse 315 - Nautilus Boat Club","isPartOf":{"@id":"https:\/\/staging.nautilus.se\/#website"},"datePublished":"2020-07-01T13:54:51+00:00","dateModified":"2024-01-09T15:02:29+00:00","description":"Hyr Hanse 315 f\u00f6r en bekv\u00e4m och uppleveserik semestervecka! Nautilus Boat Club erbjuder ett m\u00e5ngsidigt och modern b\u00e5tliv.","breadcrumb":{"@id":"http:\/\/staging.nautilus.se\/hyra-bat\/hyr-hanse-315\/#breadcrumb"},"inLanguage":"en-US","potentialAction":[{"@type":"ReadAction","target":["http:\/\/staging.nautilus.se\/hyra-bat\/hyr-hanse-315\/"]}]},{"@type":"BreadcrumbList","@id":"http:\/\/staging.nautilus.se\/hyra-bat\/hyr-hanse-315\/#breadcrumb","itemListElement":[{"@type":"ListItem","position":1,"name":"Home","item":"https:\/\/staging.nautilus.se\/"},{"@type":"ListItem","position":2,"name":"Privat: Hyr b\u00e5t enkelt och tryggt","item":"https:\/\/staging.nautilus.se\/?page_id=11273"},{"@type":"ListItem","position":3,"name":"Hanse 315"}]},{"@type":"WebSite","@id":"https:\/\/staging.nautilus.se\/#website","url":"https:\/\/staging.nautilus.se\/","name":"StageSite","description":"Modernt och m\u00e5ngsidigt b\u00e5tliv","publisher":{"@id":"https:\/\/staging.nautilus.se\/#organization"},"potentialAction":[{"@type":"SearchAction","target":{"@type":"EntryPoint","urlTemplate":"https:\/\/staging.nautilus.se\/?s={search_term_string}"},"query-input":"required name=search_term_string"}],"inLanguage":"en-US"},{"@type":"Organization","@id":"https:\/\/staging.nautilus.se\/#organization","name":"Nautilus Boat Club AB","url":"https:\/\/staging.nautilus.se\/","logo":{"@type":"ImageObject","inLanguage":"en-US","@id":"https:\/\/staging.nautilus.se\/#\/schema\/logo\/image\/","url":"http:\/\/staging.nautilus.se\/wp-content\/uploads\/2022\/10\/Nautilus-shell-blue-back-w-logo.png","contentUrl":"http:\/\/staging.nautilus.se\/wp-content\/uploads\/2022\/10\/Nautilus-shell-blue-back-w-logo.png","width":1755,"height":1130,"caption":"Nautilus Boat Club AB"},"image":{"@id":"https:\/\/staging.nautilus.se\/#\/schema\/logo\/image\/"},"sameAs":["https:\/\/www.facebook.com\/nautilusboatclub\/","https:\/\/www.instagram.com\/nautilusboatclub\/","https:\/\/www.linkedin.com\/company\/4998214\/admin\/","https:\/\/www.youtube.com\/channel\/UCrhrs3yv-t72B5igMm2keKQ\/videos?app=desktop"]}]}},"_links":{"self":[{"href":"https:\/\/staging.nautilus.se\/eng\/wp-json\/wp\/v2\/product\/671","targetHints":{"allow":["GET"]}}],"collection":[{"href":"https:\/\/staging.nautilus.se\/eng\/wp-json\/wp\/v2\/product"}],"about":[{"href":"https:\/\/staging.nautilus.se\/eng\/wp-json\/wp\/v2\/types\/product"}],"wp:featuredmedia":[{"embeddable":true,"href":"https:\/\/staging.nautilus.se\/eng\/wp-json\/wp\/v2\/media\/13237"}],"wp:attachment":[{"href":"https:\/\/staging.nautilus.se\/eng\/wp-json\/wp\/v2\/media?parent=671"}],"wp:term":[{"taxonomy":"product_cat","embeddable":true,"href":"https:\/\/staging.nautilus.se\/eng\/wp-json\/wp\/v2\/product_cat?post=671"},{"taxonomy":"product_tag","embeddable":true,"href":"https:\/\/staging.nautilus.se\/eng\/wp-json\/wp\/v2\/product_tag?post=671"}],"curies":[{"name":"wp","href":"https:\/\/api.w.org\/{rel}","templated":true}]}}